{"id":87,"date":"2025-12-07T20:25:06","date_gmt":"2025-12-07T20:25:06","guid":{"rendered":"https:\/\/welovefocaccia.com\/?page_id=87"},"modified":"2025-12-10T20:34:38","modified_gmt":"2025-12-10T20:34:38","slug":"aviso-legal","status":"publish","type":"page","link":"https:\/\/welovefocaccia.com\/it\/aviso-legal\/","title":{"rendered":"Avviso legale"},"content":{"rendered":"<div data-elementor-type=\"wp-page\" data-elementor-id=\"87\" class=\"elementor elementor-87\" data-elementor-post-type=\"page\">\n\t\t\t\t\t\t<section class=\"elementor-section elementor-top-section elementor-element elementor-element-7202b9a0 elementor-section-boxed elementor-section-height-default elementor-section-height-default\" data-id=\"7202b9a0\" data-element_type=\"section\" data-e-type=\"section\" data-settings=\"{&quot;background_background&quot;:&quot;classic&quot;}\">\n\t\t\t\t\t\t\t<div class=\"elementor-background-overlay\"><\/div>\n\t\t\t\t\t\t\t<div class=\"elementor-container elementor-column-gap-default\">\n\t\t\t\t\t<div class=\"elementor-column elementor-col-100 elementor-top-column elementor-element elementor-element-51fd447d\" data-id=\"51fd447d\" data-element_type=\"column\" data-e-type=\"column\">\n\t\t\t<div class=\"elementor-widget-wrap elementor-element-populated\">\n\t\t\t\t\t\t<div class=\"elementor-element elementor-element-3b2bf2a2 elementor-invisible elementor-widget elementor-widget-heading\" data-id=\"3b2bf2a2\" data-element_type=\"widget\" data-e-type=\"widget\" data-settings=\"{&quot;_animation&quot;:&quot;fadeInUp&quot;}\" data-widget_type=\"heading.default\">\n\t\t\t\t\t<h2 class=\"elementor-heading-title elementor-size-default\">Avviso legale<\/h2>\t\t\t\t<\/div>\n\t\t\t\t<div class=\"elementor-element elementor-element-18384bcf elementor-icon-list--layout-inline elementor-list-item-link-full_width elementor-widget elementor-widget-icon-list\" data-id=\"18384bcf\" data-element_type=\"widget\" data-e-type=\"widget\" data-widget_type=\"icon-list.default\">\n\t\t\t\t\t\t\t<ul class=\"elementor-icon-list-items elementor-inline-items\">\n\t\t\t\t\t\t\t<li class=\"elementor-icon-list-item elementor-inline-item\">\n\t\t\t\t\t\t\t\t\t\t\t<a href=\"https:\/\/welovefocaccia.com\/it\/\">\n\n\t\t\t\t\t\t\t\t\t\t\t<span class=\"elementor-icon-list-text\">Inizio<\/span>\n\t\t\t\t\t\t\t\t\t\t\t<\/a>\n\t\t\t\t\t\t\t\t\t<\/li>\n\t\t\t\t\t\t\t\t<li class=\"elementor-icon-list-item elementor-inline-item\">\n\t\t\t\t\t\t\t\t\t\t<span class=\"elementor-icon-list-text\">Avviso legale<\/span>\n\t\t\t\t\t\t\t\t\t<\/li>\n\t\t\t\t\t\t<\/ul>\n\t\t\t\t\t\t<\/div>\n\t\t\t\t\t<\/div>\n\t\t<\/div>\n\t\t\t\t\t<\/div>\n\t\t<\/section>\n\t\t\t\t<section class=\"elementor-section elementor-top-section elementor-element elementor-element-1396e79b elementor-section-boxed elementor-section-height-default elementor-section-height-default\" data-id=\"1396e79b\" data-element_type=\"section\" data-e-type=\"section\">\n\t\t\t\t\t\t<div class=\"elementor-container elementor-column-gap-default\">\n\t\t\t\t\t<div class=\"elementor-column elementor-col-100 elementor-top-column elementor-element elementor-element-bdbd01a\" data-id=\"bdbd01a\" data-element_type=\"column\" data-e-type=\"column\">\n\t\t\t<div class=\"elementor-widget-wrap elementor-element-populated\">\n\t\t\t\t\t\t<div class=\"elementor-element elementor-element-168aa50 elementor-widget elementor-widget-text-editor\" data-id=\"168aa50\" data-element_type=\"widget\" data-e-type=\"widget\" data-widget_type=\"text-editor.default\">\n\t\t\t\t\t\t\t\t\t<h3 data-start=\"234\" data-end=\"281\"><strong data-start=\"237\" data-end=\"279\">1. Dati identificativi<\/strong><\/h3><p data-start=\"696\" data-end=\"778\">Stai visitando la pagina <span class=\"_1g8w6ydk a17q9324y a17q931f4 a17q931cm a17q937 a17q932 a17q93c\">https:\/\/welovefocaccia.com <\/span>di propriet\u00e0 di Jose Luis Marsal Mart\u00ednez e residente in C\/ Zaragoza N\u00ba 27 e con numero di identificazione 40351241 H, (che nel presente documento \u00e8 denominato &lt; &gt;).<\/p><p data-start=\"696\" data-end=\"778\">L&#039;attivit\u00e0 non \u00e8 soggetta ad alcun regime di autorizzazione amministrativa preventiva.<\/p><p data-start=\"696\" data-end=\"778\">Puoi contattare il PROPRIETARIO tramite uno dei seguenti mezzi:<\/p><p data-start=\"696\" data-end=\"778\">Telefono: 649 904 036<\/p><p data-start=\"696\" data-end=\"778\">Email di contatto: info@welovefocaccia.com<\/p><h3 data-start=\"785\" data-end=\"817\"><strong data-start=\"788\" data-end=\"815\">2. Scopo del sito web<\/strong><\/h3><p data-start=\"818\" data-end=\"1076\">Lo scopo di questo sito web \u00e8 quello di fornire informazioni sui prodotti offerti da <strong data-start=\"904\" data-end=\"924\">Amiamo la focaccia<\/strong>, tra cui il catalogo di focacce, i servizi di ordinazione online tramite piattaforme esterne (Glovo e Just Eat) e i contenuti correlati al marchio.<\/p><h3 data-start=\"1083\" data-end=\"1113\"><strong data-start=\"1086\" data-end=\"1111\">3. Termini di utilizzo<\/strong><\/h3><p data-start=\"1114\" data-end=\"1266\">L&#039;accesso e l&#039;utilizzo di questo sito web conferiscono la condizione di utente e implicano la piena accettazione di tutte le condizioni contenute nel presente Avviso Legale.<\/p><p data-start=\"1268\" data-end=\"1373\">L&#039;utente si impegna a fare un uso corretto del sito web e dei suoi contenuti, non utilizzandoli per:<\/p><ul data-start=\"1375\" data-end=\"1662\"><li data-start=\"1375\" data-end=\"1427\"><p data-start=\"1377\" data-end=\"1427\">Attivit\u00e0 illegali o contrarie alla buona fede.<\/p><\/li><li data-start=\"1428\" data-end=\"1496\"><p data-start=\"1430\" data-end=\"1496\">Diffondere contenuti offensivi, violenti, discriminatori o illegali.<\/p><\/li><li data-start=\"1497\" data-end=\"1567\"><p data-start=\"1499\" data-end=\"1567\">Causare danni ai sistemi del sito web o dei suoi provider.<\/p><\/li><li data-start=\"1568\" data-end=\"1662\"><p data-start=\"1570\" data-end=\"1662\">Tentare di ottenere l&#039;accesso non autorizzato ad account, database o informazioni riservati.<\/p><\/li><\/ul><h3 data-start=\"1669\" data-end=\"1715\"><strong data-start=\"1672\" data-end=\"1713\">4. Propriet\u00e0 intellettuale e industriale<\/strong><\/h3><p data-start=\"1716\" data-end=\"1885\">Tutto il contenuto del sito web (testo, immagini, loghi, design, struttura, ecc.) \u00e8 di propriet\u00e0 di <strong data-start=\"1824\" data-end=\"1844\">Amiamo la focaccia<\/strong> o da terzi che ne hanno autorizzato l&#039;uso.<\/p><p data-start=\"1887\" data-end=\"2017\">\u00c8 vietata la riproduzione, la distribuzione o la modifica totale o parziale di tali contenuti senza previa ed espressa autorizzazione.<\/p><h3 data-start=\"2024\" data-end=\"2052\"><strong data-start=\"2027\" data-end=\"2050\">5. Link esterni<\/strong><\/h3><p data-start=\"2053\" data-end=\"2189\">Questo sito web pu\u00f2 contenere link a pagine esterne (come Glovo o Just Eat) su cui <strong data-start=\"2151\" data-end=\"2171\">Amiamo la focaccia<\/strong> Non ha alcun controllo.<\/p><p data-start=\"2191\" data-end=\"2296\">Pertanto non si assume alcuna responsabilit\u00e0 per il contenuto, la sicurezza o il funzionamento di queste piattaforme.<\/p><h3 data-start=\"2303\" data-end=\"2342\"><strong data-start=\"2306\" data-end=\"2340\">6. Responsabilit\u00e0 del Titolare<\/strong><\/h3><p data-start=\"2343\" data-end=\"2386\">We Love Focaccia non \u00e8 responsabile per:<\/p><ul data-start=\"2388\" data-end=\"2615\"><li data-start=\"2388\" data-end=\"2466\"><p data-start=\"2390\" data-end=\"2466\">Guasti tecnici o interruzioni del servizio che potrebbero verificarsi sul sito web.<\/p><\/li><li data-start=\"2467\" data-end=\"2545\"><p data-start=\"2469\" data-end=\"2545\">Danni o perdite che l&#039;utente potrebbe subire a causa dell&#039;utilizzo del sito web.<\/p><\/li><li data-start=\"2546\" data-end=\"2615\"><p data-start=\"2548\" data-end=\"2615\">Contenuti caricati da terze parti tramite canali non autorizzati.<\/p><\/li><\/ul><h3 data-start=\"2617\" data-end=\"2618\"><strong data-start=\"2623\" data-end=\"2660\">7. Protezione dei dati personali<\/strong><\/h3><p data-start=\"2663\" data-end=\"2891\">I dati personali che l&#039;utente fornisce tramite moduli, e-mail o mezzi di contatto saranno trattati nel rispetto della normativa vigente.<br data-start=\"2823\" data-end=\"2826\" \/>(Nota: se lo desideri, posso preparare per te l&#039;Informativa sulla privacy completa.)<\/p><h3 data-start=\"2898\" data-end=\"2924\"><strong data-start=\"2901\" data-end=\"2922\">8. Modifiche<\/strong><\/h3><p data-start=\"2925\" data-end=\"3116\">We Love Focaccia si riserva il diritto di modificare, aggiornare o eliminare qualsiasi contenuto del sito web, nonch\u00e9 i termini del presente Avviso Legale, senza preavviso.<\/p><h3 data-start=\"3123\" data-end=\"3171\"><strong data-start=\"3126\" data-end=\"3169\">9. Legge applicabile e giurisdizione<\/strong><\/h3><p data-start=\"3172\" data-end=\"3354\">Il presente Avviso Legale \u00e8 regolato dalla legge spagnola.<br data-start=\"3225\" data-end=\"3228\" \/>Ogni controversia sar\u00e0 sottoposta ai tribunali di <strong data-start=\"3283\" data-end=\"3313\">Las Palmas de Gran Canaria<\/strong>, salvo quanto diversamente disposto dalla legge.<\/p>\t\t\t\t\t\t\t\t<\/div>\n\t\t\t\t\t<\/div>\n\t\t<\/div>\n\t\t\t\t\t<\/div>\n\t\t<\/section>\n\t\t\t\t<\/div>","protected":false},"excerpt":{"rendered":"<p>Aviso Legal Inicio Aviso Legal 1. Datos identificativos Est\u00e1s visitando la p\u00e1gina https:\/\/welovefocaccia.com titularidad de Jose Luis Marsal Mart\u00ednez y con domicilio en C\/ Zaragoza N\u00ba 27 y con DNI n\u00ba 40351241 H, (que en este documento se llama &lt;&lt;el Titular&gt;&gt;). La actividad no est\u00e1 sujeta a ning\u00fan r\u00e9gimen de autorizaci\u00f3n administrativa previa. Puedes contactar [&hellip;]<\/p>","protected":false},"author":1,"featured_media":0,"parent":0,"menu_order":0,"comment_status":"closed","ping_status":"closed","template":"elementor_header_footer","meta":{"_joinchat":[],"footnotes":""},"class_list":["post-87","page","type-page","status-publish","hentry"],"yoast_head":"<!-- This site is optimized with the Yoast SEO Premium plugin v27.0 (Yoast SEO v27.4) - https:\/\/yoast.com\/product\/yoast-seo-premium-wordpress\/ -->\n<title>Aviso Legal - welovefocaccia.com<\/title>\n<meta name=\"robots\" content=\"index, follow, max-snippet:-1, max-image-preview:large, max-video-preview:-1\" \/>\n<link rel=\"canonical\" href=\"https:\/\/welovefocaccia.com\/it\/aviso-legal\/\" \/>\n<meta property=\"og:locale\" content=\"it_IT\" \/>\n<meta property=\"og:type\" content=\"article\" \/>\n<meta property=\"og:title\" content=\"Aviso Legal\" \/>\n<meta property=\"og:description\" content=\"Aviso Legal Inicio Aviso Legal 1. Datos identificativos Est\u00e1s visitando la p\u00e1gina https:\/\/welovefocaccia.com titularidad de Jose Luis Marsal Mart\u00ednez y con domicilio en C\/ Zaragoza N\u00ba 27 y con DNI n\u00ba 40351241 H, (que en este documento se llama &lt;&lt;el Titular&gt;&gt;). La actividad no est\u00e1 sujeta a ning\u00fan r\u00e9gimen de autorizaci\u00f3n administrativa previa. Puedes contactar [&hellip;]\" \/>\n<meta property=\"og:url\" content=\"https:\/\/welovefocaccia.com\/it\/aviso-legal\/\" \/>\n<meta property=\"og:site_name\" content=\"welovefocaccia.com\" \/>\n<meta property=\"article:modified_time\" content=\"2025-12-10T20:34:38+00:00\" \/>\n<meta property=\"og:image\" content=\"https:\/\/welovefocaccia.com\/wp-content\/uploads\/2025\/12\/welovefocaccia.com-Logo.png\" \/>\n\t<meta property=\"og:image:width\" content=\"1034\" \/>\n\t<meta property=\"og:image:height\" content=\"374\" \/>\n\t<meta property=\"og:image:type\" content=\"image\/png\" \/>\n<meta name=\"twitter:card\" content=\"summary_large_image\" \/>\n<meta name=\"twitter:label1\" content=\"Tempo di lettura stimato\" \/>\n\t<meta name=\"twitter:data1\" content=\"2 minuti\" \/>\n<script type=\"application\/ld+json\" class=\"yoast-schema-graph\">{\"@context\":\"https:\\\/\\\/schema.org\",\"@graph\":[{\"@type\":\"WebPage\",\"@id\":\"https:\\\/\\\/welovefocaccia.com\\\/aviso-legal\\\/\",\"url\":\"https:\\\/\\\/welovefocaccia.com\\\/aviso-legal\\\/\",\"name\":\"Aviso Legal - welovefocaccia.com\",\"isPartOf\":{\"@id\":\"https:\\\/\\\/welovefocaccia.com\\\/#website\"},\"datePublished\":\"2025-12-07T20:25:06+00:00\",\"dateModified\":\"2025-12-10T20:34:38+00:00\",\"breadcrumb\":{\"@id\":\"https:\\\/\\\/welovefocaccia.com\\\/aviso-legal\\\/#breadcrumb\"},\"inLanguage\":\"it-IT\",\"potentialAction\":[{\"@type\":\"ReadAction\",\"target\":[\"https:\\\/\\\/welovefocaccia.com\\\/aviso-legal\\\/\"]}]},{\"@type\":\"BreadcrumbList\",\"@id\":\"https:\\\/\\\/welovefocaccia.com\\\/aviso-legal\\\/#breadcrumb\",\"itemListElement\":[{\"@type\":\"ListItem\",\"position\":1,\"name\":\"Portada\",\"item\":\"https:\\\/\\\/welovefocaccia.com\\\/\"},{\"@type\":\"ListItem\",\"position\":2,\"name\":\"Aviso Legal\"}]},{\"@type\":\"WebSite\",\"@id\":\"https:\\\/\\\/welovefocaccia.com\\\/#website\",\"url\":\"https:\\\/\\\/welovefocaccia.com\\\/\",\"name\":\"Welovefocaccia.com\",\"description\":\"\",\"publisher\":{\"@id\":\"https:\\\/\\\/welovefocaccia.com\\\/#organization\"},\"potentialAction\":[{\"@type\":\"SearchAction\",\"target\":{\"@type\":\"EntryPoint\",\"urlTemplate\":\"https:\\\/\\\/welovefocaccia.com\\\/?s={search_term_string}\"},\"query-input\":{\"@type\":\"PropertyValueSpecification\",\"valueRequired\":true,\"valueName\":\"search_term_string\"}}],\"inLanguage\":\"it-IT\"},{\"@type\":\"Organization\",\"@id\":\"https:\\\/\\\/welovefocaccia.com\\\/#organization\",\"name\":\"Welovefocaccia.com\",\"url\":\"https:\\\/\\\/welovefocaccia.com\\\/\",\"logo\":{\"@type\":\"ImageObject\",\"inLanguage\":\"it-IT\",\"@id\":\"https:\\\/\\\/welovefocaccia.com\\\/#\\\/schema\\\/logo\\\/image\\\/\",\"url\":\"https:\\\/\\\/welovefocaccia.com\\\/wp-content\\\/uploads\\\/2025\\\/12\\\/welovefocaccia.com-Logo.png\",\"contentUrl\":\"https:\\\/\\\/welovefocaccia.com\\\/wp-content\\\/uploads\\\/2025\\\/12\\\/welovefocaccia.com-Logo.png\",\"width\":1034,\"height\":374,\"caption\":\"Welovefocaccia.com\"},\"image\":{\"@id\":\"https:\\\/\\\/welovefocaccia.com\\\/#\\\/schema\\\/logo\\\/image\\\/\"}}]}<\/script>\n<!-- \/ Yoast SEO Premium plugin. -->","yoast_head_json":{"title":"Aviso Legal - welovefocaccia.com","robots":{"index":"index","follow":"follow","max-snippet":"max-snippet:-1","max-image-preview":"max-image-preview:large","max-video-preview":"max-video-preview:-1"},"canonical":"https:\/\/welovefocaccia.com\/it\/aviso-legal\/","og_locale":"it_IT","og_type":"article","og_title":"Aviso Legal","og_description":"Aviso Legal Inicio Aviso Legal 1. Datos identificativos Est\u00e1s visitando la p\u00e1gina https:\/\/welovefocaccia.com titularidad de Jose Luis Marsal Mart\u00ednez y con domicilio en C\/ Zaragoza N\u00ba 27 y con DNI n\u00ba 40351241 H, (que en este documento se llama &lt;&lt;el Titular&gt;&gt;). La actividad no est\u00e1 sujeta a ning\u00fan r\u00e9gimen de autorizaci\u00f3n administrativa previa. Puedes contactar [&hellip;]","og_url":"https:\/\/welovefocaccia.com\/it\/aviso-legal\/","og_site_name":"welovefocaccia.com","article_modified_time":"2025-12-10T20:34:38+00:00","og_image":[{"width":1034,"height":374,"url":"https:\/\/welovefocaccia.com\/wp-content\/uploads\/2025\/12\/welovefocaccia.com-Logo.png","type":"image\/png"}],"twitter_card":"summary_large_image","twitter_misc":{"Tempo di lettura stimato":"2 minuti"},"schema":{"@context":"https:\/\/schema.org","@graph":[{"@type":"WebPage","@id":"https:\/\/welovefocaccia.com\/aviso-legal\/","url":"https:\/\/welovefocaccia.com\/aviso-legal\/","name":"Aviso Legal - welovefocaccia.com","isPartOf":{"@id":"https:\/\/welovefocaccia.com\/#website"},"datePublished":"2025-12-07T20:25:06+00:00","dateModified":"2025-12-10T20:34:38+00:00","breadcrumb":{"@id":"https:\/\/welovefocaccia.com\/aviso-legal\/#breadcrumb"},"inLanguage":"it-IT","potentialAction":[{"@type":"ReadAction","target":["https:\/\/welovefocaccia.com\/aviso-legal\/"]}]},{"@type":"BreadcrumbList","@id":"https:\/\/welovefocaccia.com\/aviso-legal\/#breadcrumb","itemListElement":[{"@type":"ListItem","position":1,"name":"Portada","item":"https:\/\/welovefocaccia.com\/"},{"@type":"ListItem","position":2,"name":"Aviso Legal"}]},{"@type":"WebSite","@id":"https:\/\/welovefocaccia.com\/#website","url":"https:\/\/welovefocaccia.com\/","name":"Welovefocaccia.com","description":"","publisher":{"@id":"https:\/\/welovefocaccia.com\/#organization"},"potentialAction":[{"@type":"SearchAction","target":{"@type":"EntryPoint","urlTemplate":"https:\/\/welovefocaccia.com\/?s={search_term_string}"},"query-input":{"@type":"PropertyValueSpecification","valueRequired":true,"valueName":"search_term_string"}}],"inLanguage":"it-IT"},{"@type":"Organization","@id":"https:\/\/welovefocaccia.com\/#organization","name":"Welovefocaccia.com","url":"https:\/\/welovefocaccia.com\/","logo":{"@type":"ImageObject","inLanguage":"it-IT","@id":"https:\/\/welovefocaccia.com\/#\/schema\/logo\/image\/","url":"https:\/\/welovefocaccia.com\/wp-content\/uploads\/2025\/12\/welovefocaccia.com-Logo.png","contentUrl":"https:\/\/welovefocaccia.com\/wp-content\/uploads\/2025\/12\/welovefocaccia.com-Logo.png","width":1034,"height":374,"caption":"Welovefocaccia.com"},"image":{"@id":"https:\/\/welovefocaccia.com\/#\/schema\/logo\/image\/"}}]}},"_hostinger_reach_plugin_has_subscription_block":false,"_hostinger_reach_plugin_is_elementor":false,"_links":{"self":[{"href":"https:\/\/welovefocaccia.com\/it\/wp-json\/wp\/v2\/pages\/87","targetHints":{"allow":["GET"]}}],"collection":[{"href":"https:\/\/welovefocaccia.com\/it\/wp-json\/wp\/v2\/pages"}],"about":[{"href":"https:\/\/welovefocaccia.com\/it\/wp-json\/wp\/v2\/types\/page"}],"author":[{"embeddable":true,"href":"https:\/\/welovefocaccia.com\/it\/wp-json\/wp\/v2\/users\/1"}],"replies":[{"embeddable":true,"href":"https:\/\/welovefocaccia.com\/it\/wp-json\/wp\/v2\/comments?post=87"}],"version-history":[{"count":43,"href":"https:\/\/welovefocaccia.com\/it\/wp-json\/wp\/v2\/pages\/87\/revisions"}],"predecessor-version":[{"id":498,"href":"https:\/\/welovefocaccia.com\/it\/wp-json\/wp\/v2\/pages\/87\/revisions\/498"}],"wp:attachment":[{"href":"https:\/\/welovefocaccia.com\/it\/wp-json\/wp\/v2\/media?parent=87"}],"curies":[{"name":"wp","href":"https:\/\/api.w.org\/{rel}","templated":true}]}}