{"id":144,"date":"2025-12-07T21:06:40","date_gmt":"2025-12-07T21:06:40","guid":{"rendered":"https:\/\/welovefocaccia.com\/?page_id=144"},"modified":"2025-12-10T20:38:44","modified_gmt":"2025-12-10T20:38:44","slug":"politicas-de-cookies","status":"publish","type":"page","link":"https:\/\/welovefocaccia.com\/it\/politicas-de-cookies\/","title":{"rendered":"Informativa sui cookie"},"content":{"rendered":"<div data-elementor-type=\"wp-page\" data-elementor-id=\"144\" class=\"elementor elementor-144\" data-elementor-post-type=\"page\">\n\t\t\t\t\t\t<section class=\"elementor-section elementor-top-section elementor-element elementor-element-7202b9a0 elementor-section-boxed elementor-section-height-default elementor-section-height-default\" data-id=\"7202b9a0\" data-element_type=\"section\" data-e-type=\"section\" data-settings=\"{&quot;background_background&quot;:&quot;classic&quot;}\">\n\t\t\t\t\t\t\t<div class=\"elementor-background-overlay\"><\/div>\n\t\t\t\t\t\t\t<div class=\"elementor-container elementor-column-gap-default\">\n\t\t\t\t\t<div class=\"elementor-column elementor-col-100 elementor-top-column elementor-element elementor-element-51fd447d\" data-id=\"51fd447d\" data-element_type=\"column\" data-e-type=\"column\">\n\t\t\t<div class=\"elementor-widget-wrap elementor-element-populated\">\n\t\t\t\t\t\t<div class=\"elementor-element elementor-element-3b2bf2a2 elementor-invisible elementor-widget elementor-widget-heading\" data-id=\"3b2bf2a2\" data-element_type=\"widget\" data-e-type=\"widget\" data-settings=\"{&quot;_animation&quot;:&quot;fadeInUp&quot;}\" data-widget_type=\"heading.default\">\n\t\t\t\t\t<h2 class=\"elementor-heading-title elementor-size-default\">Informativa sui cookie<\/h2>\t\t\t\t<\/div>\n\t\t\t\t<div class=\"elementor-element elementor-element-18384bcf elementor-icon-list--layout-inline elementor-list-item-link-full_width elementor-widget elementor-widget-icon-list\" data-id=\"18384bcf\" data-element_type=\"widget\" data-e-type=\"widget\" data-widget_type=\"icon-list.default\">\n\t\t\t\t\t\t\t<ul class=\"elementor-icon-list-items elementor-inline-items\">\n\t\t\t\t\t\t\t<li class=\"elementor-icon-list-item elementor-inline-item\">\n\t\t\t\t\t\t\t\t\t\t\t<a href=\"https:\/\/welovefocaccia.com\/it\/\">\n\n\t\t\t\t\t\t\t\t\t\t\t<span class=\"elementor-icon-list-text\">Inizio<\/span>\n\t\t\t\t\t\t\t\t\t\t\t<\/a>\n\t\t\t\t\t\t\t\t\t<\/li>\n\t\t\t\t\t\t\t\t<li class=\"elementor-icon-list-item elementor-inline-item\">\n\t\t\t\t\t\t\t\t\t\t<span class=\"elementor-icon-list-text\">Biscotti<\/span>\n\t\t\t\t\t\t\t\t\t<\/li>\n\t\t\t\t\t\t<\/ul>\n\t\t\t\t\t\t<\/div>\n\t\t\t\t\t<\/div>\n\t\t<\/div>\n\t\t\t\t\t<\/div>\n\t\t<\/section>\n\t\t\t\t<section class=\"elementor-section elementor-top-section elementor-element elementor-element-1396e79b elementor-section-boxed elementor-section-height-default elementor-section-height-default\" data-id=\"1396e79b\" data-element_type=\"section\" data-e-type=\"section\">\n\t\t\t\t\t\t<div class=\"elementor-container elementor-column-gap-default\">\n\t\t\t\t\t<div class=\"elementor-column elementor-col-100 elementor-top-column elementor-element elementor-element-bdbd01a\" data-id=\"bdbd01a\" data-element_type=\"column\" data-e-type=\"column\">\n\t\t\t<div class=\"elementor-widget-wrap elementor-element-populated\">\n\t\t\t\t\t\t<div class=\"elementor-element elementor-element-168aa50 elementor-widget elementor-widget-text-editor\" data-id=\"168aa50\" data-element_type=\"widget\" data-e-type=\"widget\" data-widget_type=\"text-editor.default\">\n\t\t\t\t\t\t\t\t\t<h3 data-start=\"183\" data-end=\"216\"><strong data-start=\"186\" data-end=\"214\">1. Cosa sono i cookie?<\/strong><\/h3><p data-start=\"217\" data-end=\"525\">I cookie sono piccoli file di testo che vengono memorizzati sul dispositivo dell&#039;utente (computer, cellulare, tablet) quando visita un sito web. La loro funzione principale \u00e8 ricordare informazioni tecniche, identificare la sessione, memorizzare le preferenze, raccogliere dati di utilizzo e migliorare l&#039;esperienza di navigazione.<\/p><h3 data-start=\"532\" data-end=\"573\"><strong data-start=\"535\" data-end=\"571\">2. Per cosa utilizziamo i cookie?<\/strong><\/h3><p data-start=\"574\" data-end=\"631\">In <strong data-start=\"577\" data-end=\"597\">Amiamo la focaccia<\/strong> Utilizziamo i cookie per:<\/p><ul data-start=\"633\" data-end=\"944\"><li data-start=\"633\" data-end=\"689\"><p data-start=\"635\" data-end=\"689\">Garantire il corretto funzionamento del sito web.<\/p><\/li><li data-start=\"690\" data-end=\"746\"><p data-start=\"692\" data-end=\"746\">Ricorda le preferenze di navigazione dell&#039;utente.<\/p><\/li><li data-start=\"747\" data-end=\"795\"><p data-start=\"749\" data-end=\"795\">Analizza il traffico e le prestazioni del sito web.<\/p><\/li><li data-start=\"796\" data-end=\"850\"><p data-start=\"798\" data-end=\"850\">Migliorare i contenuti e l&#039;esperienza utente.<\/p><\/li><li data-start=\"851\" data-end=\"944\"><p data-start=\"853\" data-end=\"944\">Integrare strumenti di terze parti come Google Analytics o piattaforme di ordinazione esterne.<\/p><\/li><\/ul><p data-start=\"946\" data-end=\"1008\">Non utilizziamo cookie per ottenere dati personali sensibili.<\/p><h3 data-start=\"1015\" data-end=\"1052\"><strong data-start=\"1018\" data-end=\"1052\">3. Tipi di cookie utilizzati<\/strong><\/h3><h4 data-start=\"1054\" data-end=\"1096\"><strong data-start=\"1058\" data-end=\"1094\">a) Cookie tecnici (necessari)<\/strong><\/h4><p data-start=\"1097\" data-end=\"1175\">Permettono al sito di funzionare correttamente.<br data-start=\"1146\" data-end=\"1149\" \/>Includono caratteristiche quali:<\/p><ul data-start=\"1176\" data-end=\"1304\"><li data-start=\"1176\" data-end=\"1204\"><p data-start=\"1178\" data-end=\"1204\">Navigazione della pagina<\/p><\/li><li data-start=\"1205\" data-end=\"1231\"><p data-start=\"1207\" data-end=\"1231\">Accesso alle zone sicure<\/p><\/li><li data-start=\"1232\" data-end=\"1304\"><p data-start=\"1234\" data-end=\"1304\">Caricamento di articoli essenziali<br data-start=\"1263\" data-end=\"1266\" \/>Questi cookie non possono essere disattivati.<\/p><\/li><\/ul><h4 data-start=\"1306\" data-end=\"1342\"><strong data-start=\"1310\" data-end=\"1340\">b) Cookie di preferenza<\/strong><\/h4><p data-start=\"1343\" data-end=\"1406\">Consentono di ricordare impostazioni personalizzate, come la lingua o la regione.<\/p><h4 data-start=\"1408\" data-end=\"1455\"><strong data-start=\"1412\" data-end=\"1453\">c) Cookie analitici o statistici<\/strong><\/h4><p data-start=\"1456\" data-end=\"1559\">Aiutano a misurare il modo in cui gli utenti interagiscono con il sito web.<br data-start=\"1512\" data-end=\"1515\" \/>Esempio: strumenti come Google Analytics.<\/p><h4 data-start=\"1561\" data-end=\"1610\"><strong data-start=\"1565\" data-end=\"1608\">d) Cookie di marketing o pubblicitari<\/strong><\/h4><p data-start=\"1611\" data-end=\"1762\">Consentono di visualizzare annunci pubblicitari personalizzati in base agli interessi dell&#039;utente.<br data-start=\"1684\" data-end=\"1687\" \/>Possono provenire da piattaforme esterne (Google Ads, social network, ecc.).<\/p><h4 data-start=\"1764\" data-end=\"1796\"><strong data-start=\"1768\" data-end=\"1794\">e) Cookie di terze parti<\/strong><\/h4><p data-start=\"1797\" data-end=\"1881\">Alcuni cookie appartengono a servizi esterni integrati nel nostro sito, come ad esempio:<\/p><ul data-start=\"1882\" data-end=\"2023\"><li data-start=\"1882\" data-end=\"1902\"><p data-start=\"1884\" data-end=\"1902\">Google Analytics<\/p><\/li><li data-start=\"1903\" data-end=\"1939\"><p data-start=\"1905\" data-end=\"1939\">YouTube (se i video sono incorporati)<\/p><\/li><li data-start=\"1940\" data-end=\"2023\"><p data-start=\"1942\" data-end=\"2023\">Piattaforme di consegna come Glovo o Just Eat (se vengono visualizzati widget o link)<\/p><\/li><\/ul><p data-start=\"2025\" data-end=\"2088\">Queste terze parti possono utilizzare i cookie secondo le proprie politiche.<\/p><h3 data-start=\"2095\" data-end=\"2141\"><strong data-start=\"2098\" data-end=\"2141\">4. Cookie utilizzati su questo sito web<\/strong><\/h3><p data-start=\"2143\" data-end=\"2254\">Il sito <a class=\"decorated-link\" href=\"http:\/\/www.welovefocaccia.es\" target=\"_new\" rel=\"noopener\" data-start=\"2152\" data-end=\"2173\">www.welovefocaccia.es<\/a> (o welovefocaccia.com) pu\u00f2 utilizzare cookie propri e di terze parti, tra cui:<\/p><ul data-start=\"2256\" data-end=\"2467\"><li data-start=\"2256\" data-end=\"2297\"><p data-start=\"2258\" data-end=\"2297\"><strong data-start=\"2258\" data-end=\"2295\">Cookie tecnici del server web<\/strong><\/p><\/li><li data-start=\"2298\" data-end=\"2344\"><p data-start=\"2300\" data-end=\"2344\"><strong data-start=\"2300\" data-end=\"2342\">Cookie analitici (Google Analytics)<\/strong><\/p><\/li><li data-start=\"2345\" data-end=\"2389\"><p data-start=\"2347\" data-end=\"2389\"><strong data-start=\"2347\" data-end=\"2387\">Cookie di personalizzazione della lingua<\/strong><\/p><\/li><li data-start=\"2390\" data-end=\"2423\"><p data-start=\"2392\" data-end=\"2423\"><strong data-start=\"2392\" data-end=\"2421\">Cookie dei social media<\/strong><\/p><\/li><li data-start=\"2424\" data-end=\"2467\"><p data-start=\"2426\" data-end=\"2467\"><strong data-start=\"2426\" data-end=\"2465\">Cookie di conversione di Google Ads<\/strong><\/p><\/li><\/ul><p data-start=\"2469\" data-end=\"2557\">Se vuoi, posso crearne uno <strong data-start=\"2496\" data-end=\"2515\">tabella dettagliata<\/strong> con nome, durata e funzione del cookie.<\/p><h3 data-start=\"2564\" data-end=\"2624\"><strong data-start=\"2567\" data-end=\"2622\">5. Come puoi gestire o disabilitare i cookie?<\/strong><\/h3><p data-start=\"2625\" data-end=\"2684\">L&#039;utente pu\u00f2 configurare o rifiutare i cookie da:<\/p><h4 data-start=\"2686\" data-end=\"2746\"><strong data-start=\"2690\" data-end=\"2723\">a) Il banner delle impostazioni<\/strong> (all&#039;ingresso del sito)<\/h4><p data-start=\"2747\" data-end=\"2799\">Puoi accettare, rifiutare o personalizzare i cookie.<\/p><h4 data-start=\"2801\" data-end=\"2839\"><strong data-start=\"2805\" data-end=\"2837\">b) Impostazioni del browser<\/strong><\/h4><p data-start=\"2840\" data-end=\"2948\">Puoi eliminare o bloccare i cookie in qualsiasi momento.<br data-start=\"2896\" data-end=\"2899\" \/>Ecco i link ai browser pi\u00f9 diffusi:<\/p><ul data-start=\"2950\" data-end=\"3156\"><li data-start=\"2950\" data-end=\"3014\"><p data-start=\"2952\" data-end=\"3014\"><strong data-start=\"2952\" data-end=\"2963\">Cromo:<\/strong> Impostazioni \u2192 Privacy e sicurezza \u2192 Cookie<\/p><\/li><li data-start=\"3015\" data-end=\"3065\"><p data-start=\"3017\" data-end=\"3065\"><strong data-start=\"3017\" data-end=\"3029\">Firefox:<\/strong> Opzioni \u2192 Privacy e sicurezza<\/p><\/li><li data-start=\"3066\" data-end=\"3107\"><p data-start=\"3068\" data-end=\"3107\"><strong data-start=\"3068\" data-end=\"3079\">Safari:<\/strong> Preferenze \u2192 Privacy<\/p><\/li><li data-start=\"3108\" data-end=\"3156\"><p data-start=\"3110\" data-end=\"3156\"><strong data-start=\"3110\" data-end=\"3119\">Bordo:<\/strong> Impostazioni \u2192 Cookie e permessi<\/p><\/li><\/ul><p data-start=\"3158\" data-end=\"3236\">La disattivazione di alcuni cookie potrebbe compromettere il corretto funzionamento del sito web.<\/p><h3 data-start=\"3243\" data-end=\"3291\"><strong data-start=\"3246\" data-end=\"3289\">6. Accettazione della Cookie Policy<\/strong><\/h3><p data-start=\"3292\" data-end=\"3455\">Navigando su questo sito, l&#039;utente accetta l&#039;installazione e l&#039;uso dei cookie, a meno che non li rifiuti o li configuri diversamente nel pannello corrispondente.<\/p><h3 data-start=\"3462\" data-end=\"3507\"><strong data-start=\"3465\" data-end=\"3505\">7. Modifiche alla Cookie Policy<\/strong><\/h3><p data-start=\"3508\" data-end=\"3638\">We Love Focaccia si riserva il diritto di aggiornare la presente Cookie Policy per conformarsi a modifiche di legge o a miglioramenti interni.<\/p><p data-start=\"3640\" data-end=\"3679\">Si consiglia di controllarlo periodicamente.<\/p><h3 data-start=\"3686\" data-end=\"3706\"><strong data-start=\"3689\" data-end=\"3704\">8. Dati identificativi<\/strong><\/h3><p data-start=\"696\" data-end=\"778\">Stai visitando la pagina <span class=\"_1g8w6ydk a17q9324y a17q931f4 a17q931cm a17q937 a17q932 a17q93c\">https:\/\/welovefocaccia.com <\/span>di propriet\u00e0 di Jose Luis Marsal Mart\u00ednez e residente in C\/ Zaragoza N\u00ba 27 e con numero di identificazione 40351241 H, (che nel presente documento \u00e8 denominato &lt; &gt;).<\/p><p data-start=\"696\" data-end=\"778\">L&#039;attivit\u00e0 non \u00e8 soggetta ad alcun regime di autorizzazione amministrativa preventiva.<\/p><p data-start=\"696\" data-end=\"778\">Puoi contattare il PROPRIETARIO tramite uno dei seguenti mezzi:<\/p><p data-start=\"696\" data-end=\"778\">Telefono: 649 904 036<\/p><p data-start=\"696\" data-end=\"778\">Email di contatto: info@welovefocaccia.com<\/p>\t\t\t\t\t\t\t\t<\/div>\n\t\t\t\t\t<\/div>\n\t\t<\/div>\n\t\t\t\t\t<\/div>\n\t\t<\/section>\n\t\t\t\t<\/div>","protected":false},"excerpt":{"rendered":"<p>Pol\u00edticas de Cookies Inicio Cookies 1. \u00bfQu\u00e9 son las Cookies? Las cookies son peque\u00f1os archivos de texto que se almacenan en el dispositivo del usuario (ordenador, m\u00f3vil, tablet) cuando visita un sitio web. Su funci\u00f3n principal es recordar informaci\u00f3n t\u00e9cnica, identificar la sesi\u00f3n, almacenar preferencias, recopilar datos de uso y mejorar la experiencia de navegaci\u00f3n. [&hellip;]<\/p>","protected":false},"author":1,"featured_media":0,"parent":0,"menu_order":0,"comment_status":"closed","ping_status":"closed","template":"elementor_header_footer","meta":{"_joinchat":[],"footnotes":""},"class_list":["post-144","page","type-page","status-publish","hentry"],"yoast_head":"<!-- This site is optimized with the Yoast SEO Premium plugin v27.0 (Yoast SEO v27.4) - https:\/\/yoast.com\/product\/yoast-seo-premium-wordpress\/ -->\n<title>Pol\u00edticas de Cookies - welovefocaccia.com<\/title>\n<meta name=\"robots\" content=\"index, follow, max-snippet:-1, max-image-preview:large, max-video-preview:-1\" \/>\n<link rel=\"canonical\" href=\"https:\/\/welovefocaccia.com\/it\/politicas-de-cookies\/\" \/>\n<meta property=\"og:locale\" content=\"it_IT\" \/>\n<meta property=\"og:type\" content=\"article\" \/>\n<meta property=\"og:title\" content=\"Pol\u00edticas de Cookies\" \/>\n<meta property=\"og:description\" content=\"Pol\u00edticas de Cookies Inicio Cookies 1. \u00bfQu\u00e9 son las Cookies? Las cookies son peque\u00f1os archivos de texto que se almacenan en el dispositivo del usuario (ordenador, m\u00f3vil, tablet) cuando visita un sitio web. Su funci\u00f3n principal es recordar informaci\u00f3n t\u00e9cnica, identificar la sesi\u00f3n, almacenar preferencias, recopilar datos de uso y mejorar la experiencia de navegaci\u00f3n. [&hellip;]\" \/>\n<meta property=\"og:url\" content=\"https:\/\/welovefocaccia.com\/it\/politicas-de-cookies\/\" \/>\n<meta property=\"og:site_name\" content=\"welovefocaccia.com\" \/>\n<meta property=\"article:modified_time\" content=\"2025-12-10T20:38:44+00:00\" \/>\n<meta property=\"og:image\" content=\"https:\/\/welovefocaccia.com\/wp-content\/uploads\/2025\/12\/welovefocaccia.com-Logo.png\" \/>\n\t<meta property=\"og:image:width\" content=\"1034\" \/>\n\t<meta property=\"og:image:height\" content=\"374\" \/>\n\t<meta property=\"og:image:type\" content=\"image\/png\" \/>\n<meta name=\"twitter:card\" content=\"summary_large_image\" \/>\n<meta name=\"twitter:label1\" content=\"Tempo di lettura stimato\" \/>\n\t<meta name=\"twitter:data1\" content=\"3 minuti\" \/>\n<script type=\"application\/ld+json\" class=\"yoast-schema-graph\">{\"@context\":\"https:\\\/\\\/schema.org\",\"@graph\":[{\"@type\":\"WebPage\",\"@id\":\"https:\\\/\\\/welovefocaccia.com\\\/politicas-de-cookies\\\/\",\"url\":\"https:\\\/\\\/welovefocaccia.com\\\/politicas-de-cookies\\\/\",\"name\":\"Pol\u00edticas de Cookies - welovefocaccia.com\",\"isPartOf\":{\"@id\":\"https:\\\/\\\/welovefocaccia.com\\\/#website\"},\"datePublished\":\"2025-12-07T21:06:40+00:00\",\"dateModified\":\"2025-12-10T20:38:44+00:00\",\"breadcrumb\":{\"@id\":\"https:\\\/\\\/welovefocaccia.com\\\/politicas-de-cookies\\\/#breadcrumb\"},\"inLanguage\":\"it-IT\",\"potentialAction\":[{\"@type\":\"ReadAction\",\"target\":[\"https:\\\/\\\/welovefocaccia.com\\\/politicas-de-cookies\\\/\"]}]},{\"@type\":\"BreadcrumbList\",\"@id\":\"https:\\\/\\\/welovefocaccia.com\\\/politicas-de-cookies\\\/#breadcrumb\",\"itemListElement\":[{\"@type\":\"ListItem\",\"position\":1,\"name\":\"Portada\",\"item\":\"https:\\\/\\\/welovefocaccia.com\\\/\"},{\"@type\":\"ListItem\",\"position\":2,\"name\":\"Pol\u00edticas de Cookies\"}]},{\"@type\":\"WebSite\",\"@id\":\"https:\\\/\\\/welovefocaccia.com\\\/#website\",\"url\":\"https:\\\/\\\/welovefocaccia.com\\\/\",\"name\":\"Welovefocaccia.com\",\"description\":\"\",\"publisher\":{\"@id\":\"https:\\\/\\\/welovefocaccia.com\\\/#organization\"},\"potentialAction\":[{\"@type\":\"SearchAction\",\"target\":{\"@type\":\"EntryPoint\",\"urlTemplate\":\"https:\\\/\\\/welovefocaccia.com\\\/?s={search_term_string}\"},\"query-input\":{\"@type\":\"PropertyValueSpecification\",\"valueRequired\":true,\"valueName\":\"search_term_string\"}}],\"inLanguage\":\"it-IT\"},{\"@type\":\"Organization\",\"@id\":\"https:\\\/\\\/welovefocaccia.com\\\/#organization\",\"name\":\"Welovefocaccia.com\",\"url\":\"https:\\\/\\\/welovefocaccia.com\\\/\",\"logo\":{\"@type\":\"ImageObject\",\"inLanguage\":\"it-IT\",\"@id\":\"https:\\\/\\\/welovefocaccia.com\\\/#\\\/schema\\\/logo\\\/image\\\/\",\"url\":\"https:\\\/\\\/welovefocaccia.com\\\/wp-content\\\/uploads\\\/2025\\\/12\\\/welovefocaccia.com-Logo.png\",\"contentUrl\":\"https:\\\/\\\/welovefocaccia.com\\\/wp-content\\\/uploads\\\/2025\\\/12\\\/welovefocaccia.com-Logo.png\",\"width\":1034,\"height\":374,\"caption\":\"Welovefocaccia.com\"},\"image\":{\"@id\":\"https:\\\/\\\/welovefocaccia.com\\\/#\\\/schema\\\/logo\\\/image\\\/\"}}]}<\/script>\n<!-- \/ Yoast SEO Premium plugin. -->","yoast_head_json":{"title":"Pol\u00edticas de Cookies - welovefocaccia.com","robots":{"index":"index","follow":"follow","max-snippet":"max-snippet:-1","max-image-preview":"max-image-preview:large","max-video-preview":"max-video-preview:-1"},"canonical":"https:\/\/welovefocaccia.com\/it\/politicas-de-cookies\/","og_locale":"it_IT","og_type":"article","og_title":"Pol\u00edticas de Cookies","og_description":"Pol\u00edticas de Cookies Inicio Cookies 1. \u00bfQu\u00e9 son las Cookies? Las cookies son peque\u00f1os archivos de texto que se almacenan en el dispositivo del usuario (ordenador, m\u00f3vil, tablet) cuando visita un sitio web. Su funci\u00f3n principal es recordar informaci\u00f3n t\u00e9cnica, identificar la sesi\u00f3n, almacenar preferencias, recopilar datos de uso y mejorar la experiencia de navegaci\u00f3n. [&hellip;]","og_url":"https:\/\/welovefocaccia.com\/it\/politicas-de-cookies\/","og_site_name":"welovefocaccia.com","article_modified_time":"2025-12-10T20:38:44+00:00","og_image":[{"width":1034,"height":374,"url":"https:\/\/welovefocaccia.com\/wp-content\/uploads\/2025\/12\/welovefocaccia.com-Logo.png","type":"image\/png"}],"twitter_card":"summary_large_image","twitter_misc":{"Tempo di lettura stimato":"3 minuti"},"schema":{"@context":"https:\/\/schema.org","@graph":[{"@type":"WebPage","@id":"https:\/\/welovefocaccia.com\/politicas-de-cookies\/","url":"https:\/\/welovefocaccia.com\/politicas-de-cookies\/","name":"Pol\u00edticas de Cookies - welovefocaccia.com","isPartOf":{"@id":"https:\/\/welovefocaccia.com\/#website"},"datePublished":"2025-12-07T21:06:40+00:00","dateModified":"2025-12-10T20:38:44+00:00","breadcrumb":{"@id":"https:\/\/welovefocaccia.com\/politicas-de-cookies\/#breadcrumb"},"inLanguage":"it-IT","potentialAction":[{"@type":"ReadAction","target":["https:\/\/welovefocaccia.com\/politicas-de-cookies\/"]}]},{"@type":"BreadcrumbList","@id":"https:\/\/welovefocaccia.com\/politicas-de-cookies\/#breadcrumb","itemListElement":[{"@type":"ListItem","position":1,"name":"Portada","item":"https:\/\/welovefocaccia.com\/"},{"@type":"ListItem","position":2,"name":"Pol\u00edticas de Cookies"}]},{"@type":"WebSite","@id":"https:\/\/welovefocaccia.com\/#website","url":"https:\/\/welovefocaccia.com\/","name":"Welovefocaccia.com","description":"","publisher":{"@id":"https:\/\/welovefocaccia.com\/#organization"},"potentialAction":[{"@type":"SearchAction","target":{"@type":"EntryPoint","urlTemplate":"https:\/\/welovefocaccia.com\/?s={search_term_string}"},"query-input":{"@type":"PropertyValueSpecification","valueRequired":true,"valueName":"search_term_string"}}],"inLanguage":"it-IT"},{"@type":"Organization","@id":"https:\/\/welovefocaccia.com\/#organization","name":"Welovefocaccia.com","url":"https:\/\/welovefocaccia.com\/","logo":{"@type":"ImageObject","inLanguage":"it-IT","@id":"https:\/\/welovefocaccia.com\/#\/schema\/logo\/image\/","url":"https:\/\/welovefocaccia.com\/wp-content\/uploads\/2025\/12\/welovefocaccia.com-Logo.png","contentUrl":"https:\/\/welovefocaccia.com\/wp-content\/uploads\/2025\/12\/welovefocaccia.com-Logo.png","width":1034,"height":374,"caption":"Welovefocaccia.com"},"image":{"@id":"https:\/\/welovefocaccia.com\/#\/schema\/logo\/image\/"}}]}},"_hostinger_reach_plugin_has_subscription_block":false,"_hostinger_reach_plugin_is_elementor":false,"_links":{"self":[{"href":"https:\/\/welovefocaccia.com\/it\/wp-json\/wp\/v2\/pages\/144","targetHints":{"allow":["GET"]}}],"collection":[{"href":"https:\/\/welovefocaccia.com\/it\/wp-json\/wp\/v2\/pages"}],"about":[{"href":"https:\/\/welovefocaccia.com\/it\/wp-json\/wp\/v2\/types\/page"}],"author":[{"embeddable":true,"href":"https:\/\/welovefocaccia.com\/it\/wp-json\/wp\/v2\/users\/1"}],"replies":[{"embeddable":true,"href":"https:\/\/welovefocaccia.com\/it\/wp-json\/wp\/v2\/comments?post=144"}],"version-history":[{"count":13,"href":"https:\/\/welovefocaccia.com\/it\/wp-json\/wp\/v2\/pages\/144\/revisions"}],"predecessor-version":[{"id":504,"href":"https:\/\/welovefocaccia.com\/it\/wp-json\/wp\/v2\/pages\/144\/revisions\/504"}],"wp:attachment":[{"href":"https:\/\/welovefocaccia.com\/it\/wp-json\/wp\/v2\/media?parent=144"}],"curies":[{"name":"wp","href":"https:\/\/api.w.org\/{rel}","templated":true}]}}