{"id":87,"date":"2025-12-07T20:25:06","date_gmt":"2025-12-07T20:25:06","guid":{"rendered":"https:\/\/welovefocaccia.com\/?page_id=87"},"modified":"2025-12-10T20:34:38","modified_gmt":"2025-12-10T20:34:38","slug":"aviso-legal","status":"publish","type":"page","link":"https:\/\/welovefocaccia.com\/fr\/aviso-legal\/","title":{"rendered":"Avis juridique"},"content":{"rendered":"<div data-elementor-type=\"wp-page\" data-elementor-id=\"87\" class=\"elementor elementor-87\" data-elementor-post-type=\"page\">\n\t\t\t\t\t\t<section class=\"elementor-section elementor-top-section elementor-element elementor-element-7202b9a0 elementor-section-boxed elementor-section-height-default elementor-section-height-default\" data-id=\"7202b9a0\" data-element_type=\"section\" data-e-type=\"section\" data-settings=\"{&quot;background_background&quot;:&quot;classic&quot;}\">\n\t\t\t\t\t\t\t<div class=\"elementor-background-overlay\"><\/div>\n\t\t\t\t\t\t\t<div class=\"elementor-container elementor-column-gap-default\">\n\t\t\t\t\t<div class=\"elementor-column elementor-col-100 elementor-top-column elementor-element elementor-element-51fd447d\" data-id=\"51fd447d\" data-element_type=\"column\" data-e-type=\"column\">\n\t\t\t<div class=\"elementor-widget-wrap elementor-element-populated\">\n\t\t\t\t\t\t<div class=\"elementor-element elementor-element-3b2bf2a2 elementor-invisible elementor-widget elementor-widget-heading\" data-id=\"3b2bf2a2\" data-element_type=\"widget\" data-e-type=\"widget\" data-settings=\"{&quot;_animation&quot;:&quot;fadeInUp&quot;}\" data-widget_type=\"heading.default\">\n\t\t\t\t\t<h2 class=\"elementor-heading-title elementor-size-default\">Avis juridique<\/h2>\t\t\t\t<\/div>\n\t\t\t\t<div class=\"elementor-element elementor-element-18384bcf elementor-icon-list--layout-inline elementor-list-item-link-full_width elementor-widget elementor-widget-icon-list\" data-id=\"18384bcf\" data-element_type=\"widget\" data-e-type=\"widget\" data-widget_type=\"icon-list.default\">\n\t\t\t\t\t\t\t<ul class=\"elementor-icon-list-items elementor-inline-items\">\n\t\t\t\t\t\t\t<li class=\"elementor-icon-list-item elementor-inline-item\">\n\t\t\t\t\t\t\t\t\t\t\t<a href=\"https:\/\/welovefocaccia.com\/fr\/\">\n\n\t\t\t\t\t\t\t\t\t\t\t<span class=\"elementor-icon-list-text\">Commencer<\/span>\n\t\t\t\t\t\t\t\t\t\t\t<\/a>\n\t\t\t\t\t\t\t\t\t<\/li>\n\t\t\t\t\t\t\t\t<li class=\"elementor-icon-list-item elementor-inline-item\">\n\t\t\t\t\t\t\t\t\t\t<span class=\"elementor-icon-list-text\">Avis juridique<\/span>\n\t\t\t\t\t\t\t\t\t<\/li>\n\t\t\t\t\t\t<\/ul>\n\t\t\t\t\t\t<\/div>\n\t\t\t\t\t<\/div>\n\t\t<\/div>\n\t\t\t\t\t<\/div>\n\t\t<\/section>\n\t\t\t\t<section class=\"elementor-section elementor-top-section elementor-element elementor-element-1396e79b elementor-section-boxed elementor-section-height-default elementor-section-height-default\" data-id=\"1396e79b\" data-element_type=\"section\" data-e-type=\"section\">\n\t\t\t\t\t\t<div class=\"elementor-container elementor-column-gap-default\">\n\t\t\t\t\t<div class=\"elementor-column elementor-col-100 elementor-top-column elementor-element elementor-element-bdbd01a\" data-id=\"bdbd01a\" data-element_type=\"column\" data-e-type=\"column\">\n\t\t\t<div class=\"elementor-widget-wrap elementor-element-populated\">\n\t\t\t\t\t\t<div class=\"elementor-element elementor-element-168aa50 elementor-widget elementor-widget-text-editor\" data-id=\"168aa50\" data-element_type=\"widget\" data-e-type=\"widget\" data-widget_type=\"text-editor.default\">\n\t\t\t\t\t\t\t\t\t<h3 data-start=\"234\" data-end=\"281\"><strong data-start=\"237\" data-end=\"279\">1. Identification des donn\u00e9es<\/strong><\/h3><p data-start=\"696\" data-end=\"778\">Vous consultez la page <span class=\"_1g8w6ydk a17q9324y a17q931f4 a17q931cm a17q937 a17q932 a17q93c\">https:\/\/welovefocaccia.com <\/span>appartenant \u00e0 Jos\u00e9 Luis Marsal Mart\u00ednez et r\u00e9sidant \u00e0 C\/ Zaragoza N\u00ba 27 et avec le num\u00e9ro d&#039;identification 40351241 H, (qui dans ce document est appel\u00e9 &lt; &gt;).<\/p><p data-start=\"696\" data-end=\"778\">Cette activit\u00e9 n&#039;est soumise \u00e0 aucun r\u00e9gime d&#039;autorisation administrative pr\u00e9alable.<\/p><p data-start=\"696\" data-end=\"778\">Vous pouvez contacter le PROPRI\u00c9TAIRE par l&#039;un des moyens suivants\u00a0:<\/p><p data-start=\"696\" data-end=\"778\">T\u00e9l\u00e9phone : 649 904 036<\/p><p data-start=\"696\" data-end=\"778\">Adresse \u00e9lectronique de contact : info@welovefocaccia.com<\/p><h3 data-start=\"785\" data-end=\"817\"><strong data-start=\"788\" data-end=\"815\">2. Objectif du site web<\/strong><\/h3><p data-start=\"818\" data-end=\"1076\">L&#039;objectif de ce site web est de fournir des informations sur les produits propos\u00e9s par <strong data-start=\"904\" data-end=\"924\">Nous adorons la focaccia<\/strong>, y compris son catalogue de focaccias, ses services de commande en ligne via des plateformes externes (Glovo et Just Eat) et le contenu li\u00e9 \u00e0 la marque.<\/p><h3 data-start=\"1083\" data-end=\"1113\"><strong data-start=\"1086\" data-end=\"1111\">3. Conditions d&#039;utilisation<\/strong><\/h3><p data-start=\"1114\" data-end=\"1266\">L\u2019acc\u00e8s \u00e0 ce site web et son utilisation conf\u00e8rent le statut d\u2019utilisateur et impliquent l\u2019acceptation pleine et enti\u00e8re de toutes les conditions \u00e9nonc\u00e9es dans les pr\u00e9sentes mentions l\u00e9gales.<\/p><p data-start=\"1268\" data-end=\"1373\">L&#039;utilisateur s&#039;engage \u00e0 faire un usage appropri\u00e9 du site web et de son contenu, et \u00e0 ne pas les utiliser pour\u00a0:<\/p><ul data-start=\"1375\" data-end=\"1662\"><li data-start=\"1375\" data-end=\"1427\"><p data-start=\"1377\" data-end=\"1427\">Activit\u00e9s ill\u00e9gales ou activit\u00e9s contraires \u00e0 la bonne foi.<\/p><\/li><li data-start=\"1428\" data-end=\"1496\"><p data-start=\"1430\" data-end=\"1496\">Diffuser des contenus offensants, violents, discriminatoires ou ill\u00e9gaux.<\/p><\/li><li data-start=\"1497\" data-end=\"1567\"><p data-start=\"1499\" data-end=\"1567\">Endommager les syst\u00e8mes du site web ou de ses fournisseurs.<\/p><\/li><li data-start=\"1568\" data-end=\"1662\"><p data-start=\"1570\" data-end=\"1662\">Tentative d&#039;acc\u00e8s non autoris\u00e9 \u00e0 des comptes, bases de donn\u00e9es ou informations restreintes.<\/p><\/li><\/ul><h3 data-start=\"1669\" data-end=\"1715\"><strong data-start=\"1672\" data-end=\"1713\">4. Propri\u00e9t\u00e9 intellectuelle et industrielle<\/strong><\/h3><p data-start=\"1716\" data-end=\"1885\">L&#039;ensemble du contenu du site web (textes, images, logos, design, structure, etc.) est la propri\u00e9t\u00e9 de <strong data-start=\"1824\" data-end=\"1844\">Nous adorons la focaccia<\/strong> ou de tiers ayant autoris\u00e9 son utilisation.<\/p><p data-start=\"1887\" data-end=\"2017\">Toute reproduction, distribution ou modification, totale ou partielle, dudit contenu est interdite sans autorisation pr\u00e9alable et expresse.<\/p><h3 data-start=\"2024\" data-end=\"2052\"><strong data-start=\"2027\" data-end=\"2050\">5. Liens externes<\/strong><\/h3><p data-start=\"2053\" data-end=\"2189\">Ce site Web peut contenir des liens vers des pages externes (telles que Glovo ou Just Eat) concernant lesquelles <strong data-start=\"2151\" data-end=\"2171\">Nous adorons la focaccia<\/strong> Il n&#039;a aucun contr\u00f4le.<\/p><p data-start=\"2191\" data-end=\"2296\">Par cons\u00e9quent, aucune responsabilit\u00e9 n&#039;est assum\u00e9e quant au contenu, \u00e0 la s\u00e9curit\u00e9 ou au fonctionnement de ces plateformes.<\/p><h3 data-start=\"2303\" data-end=\"2342\"><strong data-start=\"2306\" data-end=\"2340\">6. Responsabilit\u00e9 du propri\u00e9taire<\/strong><\/h3><p data-start=\"2343\" data-end=\"2386\">We Love Focaccia n&#039;est pas responsable de\u00a0:<\/p><ul data-start=\"2388\" data-end=\"2615\"><li data-start=\"2388\" data-end=\"2466\"><p data-start=\"2390\" data-end=\"2466\">Des pannes techniques ou des interruptions de service peuvent survenir sur le site web.<\/p><\/li><li data-start=\"2467\" data-end=\"2545\"><p data-start=\"2469\" data-end=\"2545\">Dommages ou pertes que l&#039;utilisateur pourrait subir du fait de l&#039;utilisation du site web.<\/p><\/li><li data-start=\"2546\" data-end=\"2615\"><p data-start=\"2548\" data-end=\"2615\">Contenu t\u00e9l\u00e9charg\u00e9 par des tiers via des canaux non autoris\u00e9s.<\/p><\/li><\/ul><h3 data-start=\"2617\" data-end=\"2618\"><strong data-start=\"2623\" data-end=\"2660\">7. Protection des donn\u00e9es personnelles<\/strong><\/h3><p data-start=\"2663\" data-end=\"2891\">Les donn\u00e9es personnelles que l&#039;utilisateur fournit par le biais de formulaires, d&#039;e-mails ou de tout autre moyen de contact seront trait\u00e9es conform\u00e9ment \u00e0 la r\u00e9glementation en vigueur.<br data-start=\"2823\" data-end=\"2826\" \/>(Remarque : Si vous le souhaitez, je peux vous pr\u00e9parer la politique de confidentialit\u00e9 compl\u00e8te.)<\/p><h3 data-start=\"2898\" data-end=\"2924\"><strong data-start=\"2901\" data-end=\"2922\">8. Modifications<\/strong><\/h3><p data-start=\"2925\" data-end=\"3116\">We Love Focaccia se r\u00e9serve le droit de modifier, de mettre \u00e0 jour ou de supprimer tout contenu du site web, ainsi que les termes de cette mention l\u00e9gale, sans pr\u00e9avis.<\/p><h3 data-start=\"3123\" data-end=\"3171\"><strong data-start=\"3126\" data-end=\"3169\">9. Droit applicable et juridiction comp\u00e9tente<\/strong><\/h3><p data-start=\"3172\" data-end=\"3354\">Le pr\u00e9sent avis juridique est r\u00e9gi par le droit espagnol.<br data-start=\"3225\" data-end=\"3228\" \/>Tout litige sera soumis aux tribunaux de <strong data-start=\"3283\" data-end=\"3313\">Las Palmas de Gran Canaria<\/strong>, sauf disposition contraire de la loi.<\/p>\t\t\t\t\t\t\t\t<\/div>\n\t\t\t\t\t<\/div>\n\t\t<\/div>\n\t\t\t\t\t<\/div>\n\t\t<\/section>\n\t\t\t\t<\/div>","protected":false},"excerpt":{"rendered":"<p>Aviso Legal Inicio Aviso Legal 1. Datos identificativos Est\u00e1s visitando la p\u00e1gina https:\/\/welovefocaccia.com titularidad de Jose Luis Marsal Mart\u00ednez y con domicilio en C\/ Zaragoza N\u00ba 27 y con DNI n\u00ba 40351241 H, (que en este documento se llama &lt;&lt;el Titular&gt;&gt;). La actividad no est\u00e1 sujeta a ning\u00fan r\u00e9gimen de autorizaci\u00f3n administrativa previa. Puedes contactar [&hellip;]<\/p>","protected":false},"author":1,"featured_media":0,"parent":0,"menu_order":0,"comment_status":"closed","ping_status":"closed","template":"elementor_header_footer","meta":{"_joinchat":[],"footnotes":""},"class_list":["post-87","page","type-page","status-publish","hentry"],"yoast_head":"<!-- This site is optimized with the Yoast SEO Premium plugin v27.0 (Yoast SEO v27.4) - https:\/\/yoast.com\/product\/yoast-seo-premium-wordpress\/ -->\n<title>Aviso Legal - welovefocaccia.com<\/title>\n<meta name=\"robots\" content=\"index, follow, max-snippet:-1, max-image-preview:large, max-video-preview:-1\" \/>\n<link rel=\"canonical\" href=\"https:\/\/welovefocaccia.com\/fr\/aviso-legal\/\" \/>\n<meta property=\"og:locale\" content=\"fr_FR\" \/>\n<meta property=\"og:type\" content=\"article\" \/>\n<meta property=\"og:title\" content=\"Aviso Legal\" \/>\n<meta property=\"og:description\" content=\"Aviso Legal Inicio Aviso Legal 1. Datos identificativos Est\u00e1s visitando la p\u00e1gina https:\/\/welovefocaccia.com titularidad de Jose Luis Marsal Mart\u00ednez y con domicilio en C\/ Zaragoza N\u00ba 27 y con DNI n\u00ba 40351241 H, (que en este documento se llama &lt;&lt;el Titular&gt;&gt;). La actividad no est\u00e1 sujeta a ning\u00fan r\u00e9gimen de autorizaci\u00f3n administrativa previa. Puedes contactar [&hellip;]\" \/>\n<meta property=\"og:url\" content=\"https:\/\/welovefocaccia.com\/fr\/aviso-legal\/\" \/>\n<meta property=\"og:site_name\" content=\"welovefocaccia.com\" \/>\n<meta property=\"article:modified_time\" content=\"2025-12-10T20:34:38+00:00\" \/>\n<meta property=\"og:image\" content=\"https:\/\/welovefocaccia.com\/wp-content\/uploads\/2025\/12\/welovefocaccia.com-Logo.png\" \/>\n\t<meta property=\"og:image:width\" content=\"1034\" \/>\n\t<meta property=\"og:image:height\" content=\"374\" \/>\n\t<meta property=\"og:image:type\" content=\"image\/png\" \/>\n<meta name=\"twitter:card\" content=\"summary_large_image\" \/>\n<meta name=\"twitter:label1\" content=\"Dur\u00e9e de lecture estim\u00e9e\" \/>\n\t<meta name=\"twitter:data1\" content=\"2 minutes\" \/>\n<script type=\"application\/ld+json\" class=\"yoast-schema-graph\">{\"@context\":\"https:\\\/\\\/schema.org\",\"@graph\":[{\"@type\":\"WebPage\",\"@id\":\"https:\\\/\\\/welovefocaccia.com\\\/aviso-legal\\\/\",\"url\":\"https:\\\/\\\/welovefocaccia.com\\\/aviso-legal\\\/\",\"name\":\"Aviso Legal - welovefocaccia.com\",\"isPartOf\":{\"@id\":\"https:\\\/\\\/welovefocaccia.com\\\/#website\"},\"datePublished\":\"2025-12-07T20:25:06+00:00\",\"dateModified\":\"2025-12-10T20:34:38+00:00\",\"breadcrumb\":{\"@id\":\"https:\\\/\\\/welovefocaccia.com\\\/aviso-legal\\\/#breadcrumb\"},\"inLanguage\":\"fr-FR\",\"potentialAction\":[{\"@type\":\"ReadAction\",\"target\":[\"https:\\\/\\\/welovefocaccia.com\\\/aviso-legal\\\/\"]}]},{\"@type\":\"BreadcrumbList\",\"@id\":\"https:\\\/\\\/welovefocaccia.com\\\/aviso-legal\\\/#breadcrumb\",\"itemListElement\":[{\"@type\":\"ListItem\",\"position\":1,\"name\":\"Portada\",\"item\":\"https:\\\/\\\/welovefocaccia.com\\\/\"},{\"@type\":\"ListItem\",\"position\":2,\"name\":\"Aviso Legal\"}]},{\"@type\":\"WebSite\",\"@id\":\"https:\\\/\\\/welovefocaccia.com\\\/#website\",\"url\":\"https:\\\/\\\/welovefocaccia.com\\\/\",\"name\":\"Welovefocaccia.com\",\"description\":\"\",\"publisher\":{\"@id\":\"https:\\\/\\\/welovefocaccia.com\\\/#organization\"},\"potentialAction\":[{\"@type\":\"SearchAction\",\"target\":{\"@type\":\"EntryPoint\",\"urlTemplate\":\"https:\\\/\\\/welovefocaccia.com\\\/?s={search_term_string}\"},\"query-input\":{\"@type\":\"PropertyValueSpecification\",\"valueRequired\":true,\"valueName\":\"search_term_string\"}}],\"inLanguage\":\"fr-FR\"},{\"@type\":\"Organization\",\"@id\":\"https:\\\/\\\/welovefocaccia.com\\\/#organization\",\"name\":\"Welovefocaccia.com\",\"url\":\"https:\\\/\\\/welovefocaccia.com\\\/\",\"logo\":{\"@type\":\"ImageObject\",\"inLanguage\":\"fr-FR\",\"@id\":\"https:\\\/\\\/welovefocaccia.com\\\/#\\\/schema\\\/logo\\\/image\\\/\",\"url\":\"https:\\\/\\\/welovefocaccia.com\\\/wp-content\\\/uploads\\\/2025\\\/12\\\/welovefocaccia.com-Logo.png\",\"contentUrl\":\"https:\\\/\\\/welovefocaccia.com\\\/wp-content\\\/uploads\\\/2025\\\/12\\\/welovefocaccia.com-Logo.png\",\"width\":1034,\"height\":374,\"caption\":\"Welovefocaccia.com\"},\"image\":{\"@id\":\"https:\\\/\\\/welovefocaccia.com\\\/#\\\/schema\\\/logo\\\/image\\\/\"}}]}<\/script>\n<!-- \/ Yoast SEO Premium plugin. -->","yoast_head_json":{"title":"Aviso Legal - welovefocaccia.com","robots":{"index":"index","follow":"follow","max-snippet":"max-snippet:-1","max-image-preview":"max-image-preview:large","max-video-preview":"max-video-preview:-1"},"canonical":"https:\/\/welovefocaccia.com\/fr\/aviso-legal\/","og_locale":"fr_FR","og_type":"article","og_title":"Aviso Legal","og_description":"Aviso Legal Inicio Aviso Legal 1. Datos identificativos Est\u00e1s visitando la p\u00e1gina https:\/\/welovefocaccia.com titularidad de Jose Luis Marsal Mart\u00ednez y con domicilio en C\/ Zaragoza N\u00ba 27 y con DNI n\u00ba 40351241 H, (que en este documento se llama &lt;&lt;el Titular&gt;&gt;). La actividad no est\u00e1 sujeta a ning\u00fan r\u00e9gimen de autorizaci\u00f3n administrativa previa. Puedes contactar [&hellip;]","og_url":"https:\/\/welovefocaccia.com\/fr\/aviso-legal\/","og_site_name":"welovefocaccia.com","article_modified_time":"2025-12-10T20:34:38+00:00","og_image":[{"width":1034,"height":374,"url":"https:\/\/welovefocaccia.com\/wp-content\/uploads\/2025\/12\/welovefocaccia.com-Logo.png","type":"image\/png"}],"twitter_card":"summary_large_image","twitter_misc":{"Dur\u00e9e de lecture estim\u00e9e":"2 minutes"},"schema":{"@context":"https:\/\/schema.org","@graph":[{"@type":"WebPage","@id":"https:\/\/welovefocaccia.com\/aviso-legal\/","url":"https:\/\/welovefocaccia.com\/aviso-legal\/","name":"Aviso Legal - welovefocaccia.com","isPartOf":{"@id":"https:\/\/welovefocaccia.com\/#website"},"datePublished":"2025-12-07T20:25:06+00:00","dateModified":"2025-12-10T20:34:38+00:00","breadcrumb":{"@id":"https:\/\/welovefocaccia.com\/aviso-legal\/#breadcrumb"},"inLanguage":"fr-FR","potentialAction":[{"@type":"ReadAction","target":["https:\/\/welovefocaccia.com\/aviso-legal\/"]}]},{"@type":"BreadcrumbList","@id":"https:\/\/welovefocaccia.com\/aviso-legal\/#breadcrumb","itemListElement":[{"@type":"ListItem","position":1,"name":"Portada","item":"https:\/\/welovefocaccia.com\/"},{"@type":"ListItem","position":2,"name":"Aviso Legal"}]},{"@type":"WebSite","@id":"https:\/\/welovefocaccia.com\/#website","url":"https:\/\/welovefocaccia.com\/","name":"Welovefocaccia.com","description":"","publisher":{"@id":"https:\/\/welovefocaccia.com\/#organization"},"potentialAction":[{"@type":"SearchAction","target":{"@type":"EntryPoint","urlTemplate":"https:\/\/welovefocaccia.com\/?s={search_term_string}"},"query-input":{"@type":"PropertyValueSpecification","valueRequired":true,"valueName":"search_term_string"}}],"inLanguage":"fr-FR"},{"@type":"Organization","@id":"https:\/\/welovefocaccia.com\/#organization","name":"Welovefocaccia.com","url":"https:\/\/welovefocaccia.com\/","logo":{"@type":"ImageObject","inLanguage":"fr-FR","@id":"https:\/\/welovefocaccia.com\/#\/schema\/logo\/image\/","url":"https:\/\/welovefocaccia.com\/wp-content\/uploads\/2025\/12\/welovefocaccia.com-Logo.png","contentUrl":"https:\/\/welovefocaccia.com\/wp-content\/uploads\/2025\/12\/welovefocaccia.com-Logo.png","width":1034,"height":374,"caption":"Welovefocaccia.com"},"image":{"@id":"https:\/\/welovefocaccia.com\/#\/schema\/logo\/image\/"}}]}},"_hostinger_reach_plugin_has_subscription_block":false,"_hostinger_reach_plugin_is_elementor":false,"_links":{"self":[{"href":"https:\/\/welovefocaccia.com\/fr\/wp-json\/wp\/v2\/pages\/87","targetHints":{"allow":["GET"]}}],"collection":[{"href":"https:\/\/welovefocaccia.com\/fr\/wp-json\/wp\/v2\/pages"}],"about":[{"href":"https:\/\/welovefocaccia.com\/fr\/wp-json\/wp\/v2\/types\/page"}],"author":[{"embeddable":true,"href":"https:\/\/welovefocaccia.com\/fr\/wp-json\/wp\/v2\/users\/1"}],"replies":[{"embeddable":true,"href":"https:\/\/welovefocaccia.com\/fr\/wp-json\/wp\/v2\/comments?post=87"}],"version-history":[{"count":43,"href":"https:\/\/welovefocaccia.com\/fr\/wp-json\/wp\/v2\/pages\/87\/revisions"}],"predecessor-version":[{"id":498,"href":"https:\/\/welovefocaccia.com\/fr\/wp-json\/wp\/v2\/pages\/87\/revisions\/498"}],"wp:attachment":[{"href":"https:\/\/welovefocaccia.com\/fr\/wp-json\/wp\/v2\/media?parent=87"}],"curies":[{"name":"wp","href":"https:\/\/api.w.org\/{rel}","templated":true}]}}