{"id":144,"date":"2025-12-07T21:06:40","date_gmt":"2025-12-07T21:06:40","guid":{"rendered":"https:\/\/welovefocaccia.com\/?page_id=144"},"modified":"2025-12-10T20:38:44","modified_gmt":"2025-12-10T20:38:44","slug":"politicas-de-cookies","status":"publish","type":"page","link":"https:\/\/welovefocaccia.com\/fr\/politicas-de-cookies\/","title":{"rendered":"Politique relative aux cookies"},"content":{"rendered":"<div data-elementor-type=\"wp-page\" data-elementor-id=\"144\" class=\"elementor elementor-144\" data-elementor-post-type=\"page\">\n\t\t\t\t\t\t<section class=\"elementor-section elementor-top-section elementor-element elementor-element-7202b9a0 elementor-section-boxed elementor-section-height-default elementor-section-height-default\" data-id=\"7202b9a0\" data-element_type=\"section\" data-e-type=\"section\" data-settings=\"{&quot;background_background&quot;:&quot;classic&quot;}\">\n\t\t\t\t\t\t\t<div class=\"elementor-background-overlay\"><\/div>\n\t\t\t\t\t\t\t<div class=\"elementor-container elementor-column-gap-default\">\n\t\t\t\t\t<div class=\"elementor-column elementor-col-100 elementor-top-column elementor-element elementor-element-51fd447d\" data-id=\"51fd447d\" data-element_type=\"column\" data-e-type=\"column\">\n\t\t\t<div class=\"elementor-widget-wrap elementor-element-populated\">\n\t\t\t\t\t\t<div class=\"elementor-element elementor-element-3b2bf2a2 elementor-invisible elementor-widget elementor-widget-heading\" data-id=\"3b2bf2a2\" data-element_type=\"widget\" data-e-type=\"widget\" data-settings=\"{&quot;_animation&quot;:&quot;fadeInUp&quot;}\" data-widget_type=\"heading.default\">\n\t\t\t\t\t<h2 class=\"elementor-heading-title elementor-size-default\">Politique relative aux cookies<\/h2>\t\t\t\t<\/div>\n\t\t\t\t<div class=\"elementor-element elementor-element-18384bcf elementor-icon-list--layout-inline elementor-list-item-link-full_width elementor-widget elementor-widget-icon-list\" data-id=\"18384bcf\" data-element_type=\"widget\" data-e-type=\"widget\" data-widget_type=\"icon-list.default\">\n\t\t\t\t\t\t\t<ul class=\"elementor-icon-list-items elementor-inline-items\">\n\t\t\t\t\t\t\t<li class=\"elementor-icon-list-item elementor-inline-item\">\n\t\t\t\t\t\t\t\t\t\t\t<a href=\"https:\/\/welovefocaccia.com\/fr\/\">\n\n\t\t\t\t\t\t\t\t\t\t\t<span class=\"elementor-icon-list-text\">Commencer<\/span>\n\t\t\t\t\t\t\t\t\t\t\t<\/a>\n\t\t\t\t\t\t\t\t\t<\/li>\n\t\t\t\t\t\t\t\t<li class=\"elementor-icon-list-item elementor-inline-item\">\n\t\t\t\t\t\t\t\t\t\t<span class=\"elementor-icon-list-text\">Cookies<\/span>\n\t\t\t\t\t\t\t\t\t<\/li>\n\t\t\t\t\t\t<\/ul>\n\t\t\t\t\t\t<\/div>\n\t\t\t\t\t<\/div>\n\t\t<\/div>\n\t\t\t\t\t<\/div>\n\t\t<\/section>\n\t\t\t\t<section class=\"elementor-section elementor-top-section elementor-element elementor-element-1396e79b elementor-section-boxed elementor-section-height-default elementor-section-height-default\" data-id=\"1396e79b\" data-element_type=\"section\" data-e-type=\"section\">\n\t\t\t\t\t\t<div class=\"elementor-container elementor-column-gap-default\">\n\t\t\t\t\t<div class=\"elementor-column elementor-col-100 elementor-top-column elementor-element elementor-element-bdbd01a\" data-id=\"bdbd01a\" data-element_type=\"column\" data-e-type=\"column\">\n\t\t\t<div class=\"elementor-widget-wrap elementor-element-populated\">\n\t\t\t\t\t\t<div class=\"elementor-element elementor-element-168aa50 elementor-widget elementor-widget-text-editor\" data-id=\"168aa50\" data-element_type=\"widget\" data-e-type=\"widget\" data-widget_type=\"text-editor.default\">\n\t\t\t\t\t\t\t\t\t<h3 data-start=\"183\" data-end=\"216\"><strong data-start=\"186\" data-end=\"214\">1. \u00bfQu\u00e9 son las Cookies?<\/strong><\/h3><p data-start=\"217\" data-end=\"525\">Las cookies son peque\u00f1os archivos de texto que se almacenan en el dispositivo del usuario (ordenador, m\u00f3vil, tablet) cuando visita un sitio web. Su funci\u00f3n principal es recordar informaci\u00f3n t\u00e9cnica, identificar la sesi\u00f3n, almacenar preferencias, recopilar datos de uso y mejorar la experiencia de navegaci\u00f3n.<\/p><h3 data-start=\"532\" data-end=\"573\"><strong data-start=\"535\" data-end=\"571\">2. \u00bfPara qu\u00e9 utilizamos Cookies?<\/strong><\/h3><p data-start=\"574\" data-end=\"631\">En <strong data-start=\"577\" data-end=\"597\">Nous adorons la focaccia<\/strong> utilizamos cookies con el fin de:<\/p><ul data-start=\"633\" data-end=\"944\"><li data-start=\"633\" data-end=\"689\"><p data-start=\"635\" data-end=\"689\">Garantizar el funcionamiento correcto del sitio web.<\/p><\/li><li data-start=\"690\" data-end=\"746\"><p data-start=\"692\" data-end=\"746\">Recordar las preferencias de navegaci\u00f3n del usuario.<\/p><\/li><li data-start=\"747\" data-end=\"795\"><p data-start=\"749\" data-end=\"795\">Analizar el tr\u00e1fico y rendimiento del sitio.<\/p><\/li><li data-start=\"796\" data-end=\"850\"><p data-start=\"798\" data-end=\"850\">Mejorar el contenido y la experiencia del usuario.<\/p><\/li><li data-start=\"851\" data-end=\"944\"><p data-start=\"853\" data-end=\"944\">Integrar herramientas de terceros como Google Analytics o plataformas de pedido externas.<\/p><\/li><\/ul><p data-start=\"946\" data-end=\"1008\">No utilizamos cookies para obtener datos personales sensibles.<\/p><h3 data-start=\"1015\" data-end=\"1052\"><strong data-start=\"1018\" data-end=\"1052\">3. Tipos de Cookies Utilizadas<\/strong><\/h3><h4 data-start=\"1054\" data-end=\"1096\"><strong data-start=\"1058\" data-end=\"1094\">a) Cookies T\u00e9cnicas (Necesarias)<\/strong><\/h4><p data-start=\"1097\" data-end=\"1175\">Permiten que el sitio funcione de forma correcta.<br data-start=\"1146\" data-end=\"1149\" \/>Incluyen funciones como:<\/p><ul data-start=\"1176\" data-end=\"1304\"><li data-start=\"1176\" data-end=\"1204\"><p data-start=\"1178\" data-end=\"1204\">Navegaci\u00f3n entre p\u00e1ginas<\/p><\/li><li data-start=\"1205\" data-end=\"1231\"><p data-start=\"1207\" data-end=\"1231\">Acceso a zonas seguras<\/p><\/li><li data-start=\"1232\" data-end=\"1304\"><p data-start=\"1234\" data-end=\"1304\">Carga de elementos esenciales<br data-start=\"1263\" data-end=\"1266\" \/>Estas cookies no se pueden desactivar.<\/p><\/li><\/ul><h4 data-start=\"1306\" data-end=\"1342\"><strong data-start=\"1310\" data-end=\"1340\">b) Cookies de Preferencias<\/strong><\/h4><p data-start=\"1343\" data-end=\"1406\">Permiten recordar ajustes personalizados, como idioma o regi\u00f3n.<\/p><h4 data-start=\"1408\" data-end=\"1455\"><strong data-start=\"1412\" data-end=\"1453\">c) Cookies de An\u00e1lisis o Estad\u00edsticas<\/strong><\/h4><p data-start=\"1456\" data-end=\"1559\">Ayudan a medir c\u00f3mo interact\u00faan los usuarios con la web.<br data-start=\"1512\" data-end=\"1515\" \/>Ejemplo: herramientas como Google Analytics.<\/p><h4 data-start=\"1561\" data-end=\"1610\"><strong data-start=\"1565\" data-end=\"1608\">d) Cookies de Marketing o Publicitarias<\/strong><\/h4><p data-start=\"1611\" data-end=\"1762\">Permiten mostrar anuncios personalizados seg\u00fan los intereses del usuario.<br data-start=\"1684\" data-end=\"1687\" \/>Pueden provenir de plataformas externas (Google Ads, redes sociales, etc.).<\/p><h4 data-start=\"1764\" data-end=\"1796\"><strong data-start=\"1768\" data-end=\"1794\">e) Cookies de Terceros<\/strong><\/h4><p data-start=\"1797\" data-end=\"1881\">Algunas cookies pertenecen a servicios externos integrados en nuestro sitio, como:<\/p><ul data-start=\"1882\" data-end=\"2023\"><li data-start=\"1882\" data-end=\"1902\"><p data-start=\"1884\" data-end=\"1902\">Google Analytics<\/p><\/li><li data-start=\"1903\" data-end=\"1939\"><p data-start=\"1905\" data-end=\"1939\">YouTube (si se incrustan videos)<\/p><\/li><li data-start=\"1940\" data-end=\"2023\"><p data-start=\"1942\" data-end=\"2023\">Plataformas de entrega como Glovo o Just Eat (si se muestran widgets o enlaces)<\/p><\/li><\/ul><p data-start=\"2025\" data-end=\"2088\">Estos terceros pueden usar cookies seg\u00fan sus propias pol\u00edticas.<\/p><h3 data-start=\"2095\" data-end=\"2141\"><strong data-start=\"2098\" data-end=\"2141\">4. Cookies Utilizadas en Este Sitio Web<\/strong><\/h3><p data-start=\"2143\" data-end=\"2254\">El sitio <a class=\"decorated-link\" href=\"http:\/\/www.welovefocaccia.es\" target=\"_new\" rel=\"noopener\" data-start=\"2152\" data-end=\"2173\">www.welovefocaccia.es<\/a> (o welovefocaccia.com) puede utilizar cookies propias y de terceros, incluyendo:<\/p><ul data-start=\"2256\" data-end=\"2467\"><li data-start=\"2256\" data-end=\"2297\"><p data-start=\"2258\" data-end=\"2297\"><strong data-start=\"2258\" data-end=\"2295\">Cookies t\u00e9cnicas del servidor web<\/strong><\/p><\/li><li data-start=\"2298\" data-end=\"2344\"><p data-start=\"2300\" data-end=\"2344\"><strong data-start=\"2300\" data-end=\"2342\">Cookies de an\u00e1lisis (Google Analytics)<\/strong><\/p><\/li><li data-start=\"2345\" data-end=\"2389\"><p data-start=\"2347\" data-end=\"2389\"><strong data-start=\"2347\" data-end=\"2387\">Cookies de personalizaci\u00f3n de idioma<\/strong><\/p><\/li><li data-start=\"2390\" data-end=\"2423\"><p data-start=\"2392\" data-end=\"2423\"><strong data-start=\"2392\" data-end=\"2421\">Cookies de redes sociales<\/strong><\/p><\/li><li data-start=\"2424\" data-end=\"2467\"><p data-start=\"2426\" data-end=\"2467\"><strong data-start=\"2426\" data-end=\"2465\">Cookies de conversi\u00f3n de Google Ads<\/strong><\/p><\/li><\/ul><p data-start=\"2469\" data-end=\"2557\">Si deseas, puedo crear una <strong data-start=\"2496\" data-end=\"2515\">tabla detallada<\/strong> con nombre de cookie, duraci\u00f3n y funci\u00f3n.<\/p><h3 data-start=\"2564\" data-end=\"2624\"><strong data-start=\"2567\" data-end=\"2622\">5. \u00bfC\u00f3mo puedes gestionar o desactivar las Cookies?<\/strong><\/h3><p data-start=\"2625\" data-end=\"2684\">El usuario puede configurar o rechazar las cookies desde:<\/p><h4 data-start=\"2686\" data-end=\"2746\"><strong data-start=\"2690\" data-end=\"2723\">a) El banner de configuraci\u00f3n<\/strong> (al entrar al sitio)<\/h4><p data-start=\"2747\" data-end=\"2799\">Podr\u00e1s aceptar, rechazar o personalizar las cookies.<\/p><h4 data-start=\"2801\" data-end=\"2839\"><strong data-start=\"2805\" data-end=\"2837\">b) Los ajustes del navegador<\/strong><\/h4><p data-start=\"2840\" data-end=\"2948\">Puedes eliminar o bloquear cookies en cualquier momento.<br data-start=\"2896\" data-end=\"2899\" \/>Aqu\u00ed tienes enlaces a los navegadores m\u00e1s usados:<\/p><ul data-start=\"2950\" data-end=\"3156\"><li data-start=\"2950\" data-end=\"3014\"><p data-start=\"2952\" data-end=\"3014\"><strong data-start=\"2952\" data-end=\"2963\">Chrome:<\/strong> Configuraci\u00f3n \u2192 Privacidad y Seguridad \u2192 Cookies<\/p><\/li><li data-start=\"3015\" data-end=\"3065\"><p data-start=\"3017\" data-end=\"3065\"><strong data-start=\"3017\" data-end=\"3029\">Firefox:<\/strong> Opciones \u2192 Privacidad y Seguridad<\/p><\/li><li data-start=\"3066\" data-end=\"3107\"><p data-start=\"3068\" data-end=\"3107\"><strong data-start=\"3068\" data-end=\"3079\">Safari:<\/strong> Preferencias \u2192 Privacidad<\/p><\/li><li data-start=\"3108\" data-end=\"3156\"><p data-start=\"3110\" data-end=\"3156\"><strong data-start=\"3110\" data-end=\"3119\">Edge:<\/strong> Configuraci\u00f3n \u2192 Cookies y permisos<\/p><\/li><\/ul><p data-start=\"3158\" data-end=\"3236\">Desactivar ciertas cookies puede afectar el correcto funcionamiento de la web.<\/p><h3 data-start=\"3243\" data-end=\"3291\"><strong data-start=\"3246\" data-end=\"3289\">6. Aceptaci\u00f3n de la Pol\u00edtica de Cookies<\/strong><\/h3><p data-start=\"3292\" data-end=\"3455\">Al navegar por este sitio, el usuario acepta la instalaci\u00f3n y uso de cookies, salvo que haya sido rechazado o configurado lo contrario en el panel correspondiente.<\/p><h3 data-start=\"3462\" data-end=\"3507\"><strong data-start=\"3465\" data-end=\"3505\">7. Cambios en la Pol\u00edtica de Cookies<\/strong><\/h3><p data-start=\"3508\" data-end=\"3638\">We Love Focaccia se reserva el derecho de actualizar esta Pol\u00edtica de Cookies para cumplir con cambios legales o mejoras internas.<\/p><p data-start=\"3640\" data-end=\"3679\">Se recomienda revisarla peri\u00f3dicamente.<\/p><h3 data-start=\"3686\" data-end=\"3706\"><strong data-start=\"3689\" data-end=\"3704\">8. Datos identificativos<\/strong><\/h3><p data-start=\"696\" data-end=\"778\">Vous consultez la page <span class=\"_1g8w6ydk a17q9324y a17q931f4 a17q931cm a17q937 a17q932 a17q93c\">https:\/\/welovefocaccia.com <\/span>appartenant \u00e0 Jos\u00e9 Luis Marsal Mart\u00ednez et r\u00e9sidant \u00e0 C\/ Zaragoza N\u00ba 27 et avec le num\u00e9ro d&#039;identification 40351241 H, (qui dans ce document est appel\u00e9 &lt; &gt;).<\/p><p data-start=\"696\" data-end=\"778\">Cette activit\u00e9 n&#039;est soumise \u00e0 aucun r\u00e9gime d&#039;autorisation administrative pr\u00e9alable.<\/p><p data-start=\"696\" data-end=\"778\">Vous pouvez contacter le PROPRI\u00c9TAIRE par l&#039;un des moyens suivants\u00a0:<\/p><p data-start=\"696\" data-end=\"778\">T\u00e9l\u00e9phone : 649 904 036<\/p><p data-start=\"696\" data-end=\"778\">Adresse \u00e9lectronique de contact : info@welovefocaccia.com<\/p>\t\t\t\t\t\t\t\t<\/div>\n\t\t\t\t\t<\/div>\n\t\t<\/div>\n\t\t\t\t\t<\/div>\n\t\t<\/section>\n\t\t\t\t<\/div>","protected":false},"excerpt":{"rendered":"<p>Pol\u00edticas de Cookies Inicio Cookies 1. \u00bfQu\u00e9 son las Cookies? Las cookies son peque\u00f1os archivos de texto que se almacenan en el dispositivo del usuario (ordenador, m\u00f3vil, tablet) cuando visita un sitio web. Su funci\u00f3n principal es recordar informaci\u00f3n t\u00e9cnica, identificar la sesi\u00f3n, almacenar preferencias, recopilar datos de uso y mejorar la experiencia de navegaci\u00f3n. [&hellip;]<\/p>","protected":false},"author":1,"featured_media":0,"parent":0,"menu_order":0,"comment_status":"closed","ping_status":"closed","template":"elementor_header_footer","meta":{"_joinchat":[],"footnotes":""},"class_list":["post-144","page","type-page","status-publish","hentry"],"yoast_head":"<!-- This site is optimized with the Yoast SEO Premium plugin v27.0 (Yoast SEO v27.4) - https:\/\/yoast.com\/product\/yoast-seo-premium-wordpress\/ -->\n<title>Pol\u00edticas de Cookies - welovefocaccia.com<\/title>\n<meta name=\"robots\" content=\"index, follow, max-snippet:-1, max-image-preview:large, max-video-preview:-1\" \/>\n<link rel=\"canonical\" href=\"https:\/\/welovefocaccia.com\/fr\/politicas-de-cookies\/\" \/>\n<meta property=\"og:locale\" content=\"fr_FR\" \/>\n<meta property=\"og:type\" content=\"article\" \/>\n<meta property=\"og:title\" content=\"Pol\u00edticas de Cookies\" \/>\n<meta property=\"og:description\" content=\"Pol\u00edticas de Cookies Inicio Cookies 1. \u00bfQu\u00e9 son las Cookies? Las cookies son peque\u00f1os archivos de texto que se almacenan en el dispositivo del usuario (ordenador, m\u00f3vil, tablet) cuando visita un sitio web. Su funci\u00f3n principal es recordar informaci\u00f3n t\u00e9cnica, identificar la sesi\u00f3n, almacenar preferencias, recopilar datos de uso y mejorar la experiencia de navegaci\u00f3n. [&hellip;]\" \/>\n<meta property=\"og:url\" content=\"https:\/\/welovefocaccia.com\/fr\/politicas-de-cookies\/\" \/>\n<meta property=\"og:site_name\" content=\"welovefocaccia.com\" \/>\n<meta property=\"article:modified_time\" content=\"2025-12-10T20:38:44+00:00\" \/>\n<meta property=\"og:image\" content=\"https:\/\/welovefocaccia.com\/wp-content\/uploads\/2025\/12\/welovefocaccia.com-Logo.png\" \/>\n\t<meta property=\"og:image:width\" content=\"1034\" \/>\n\t<meta property=\"og:image:height\" content=\"374\" \/>\n\t<meta property=\"og:image:type\" content=\"image\/png\" \/>\n<meta name=\"twitter:card\" content=\"summary_large_image\" \/>\n<meta name=\"twitter:label1\" content=\"Dur\u00e9e de lecture estim\u00e9e\" \/>\n\t<meta name=\"twitter:data1\" content=\"3 minutes\" \/>\n<script type=\"application\/ld+json\" class=\"yoast-schema-graph\">{\"@context\":\"https:\\\/\\\/schema.org\",\"@graph\":[{\"@type\":\"WebPage\",\"@id\":\"https:\\\/\\\/welovefocaccia.com\\\/politicas-de-cookies\\\/\",\"url\":\"https:\\\/\\\/welovefocaccia.com\\\/politicas-de-cookies\\\/\",\"name\":\"Pol\u00edticas de Cookies - welovefocaccia.com\",\"isPartOf\":{\"@id\":\"https:\\\/\\\/welovefocaccia.com\\\/#website\"},\"datePublished\":\"2025-12-07T21:06:40+00:00\",\"dateModified\":\"2025-12-10T20:38:44+00:00\",\"breadcrumb\":{\"@id\":\"https:\\\/\\\/welovefocaccia.com\\\/politicas-de-cookies\\\/#breadcrumb\"},\"inLanguage\":\"fr-FR\",\"potentialAction\":[{\"@type\":\"ReadAction\",\"target\":[\"https:\\\/\\\/welovefocaccia.com\\\/politicas-de-cookies\\\/\"]}]},{\"@type\":\"BreadcrumbList\",\"@id\":\"https:\\\/\\\/welovefocaccia.com\\\/politicas-de-cookies\\\/#breadcrumb\",\"itemListElement\":[{\"@type\":\"ListItem\",\"position\":1,\"name\":\"Portada\",\"item\":\"https:\\\/\\\/welovefocaccia.com\\\/\"},{\"@type\":\"ListItem\",\"position\":2,\"name\":\"Pol\u00edticas de Cookies\"}]},{\"@type\":\"WebSite\",\"@id\":\"https:\\\/\\\/welovefocaccia.com\\\/#website\",\"url\":\"https:\\\/\\\/welovefocaccia.com\\\/\",\"name\":\"Welovefocaccia.com\",\"description\":\"\",\"publisher\":{\"@id\":\"https:\\\/\\\/welovefocaccia.com\\\/#organization\"},\"potentialAction\":[{\"@type\":\"SearchAction\",\"target\":{\"@type\":\"EntryPoint\",\"urlTemplate\":\"https:\\\/\\\/welovefocaccia.com\\\/?s={search_term_string}\"},\"query-input\":{\"@type\":\"PropertyValueSpecification\",\"valueRequired\":true,\"valueName\":\"search_term_string\"}}],\"inLanguage\":\"fr-FR\"},{\"@type\":\"Organization\",\"@id\":\"https:\\\/\\\/welovefocaccia.com\\\/#organization\",\"name\":\"Welovefocaccia.com\",\"url\":\"https:\\\/\\\/welovefocaccia.com\\\/\",\"logo\":{\"@type\":\"ImageObject\",\"inLanguage\":\"fr-FR\",\"@id\":\"https:\\\/\\\/welovefocaccia.com\\\/#\\\/schema\\\/logo\\\/image\\\/\",\"url\":\"https:\\\/\\\/welovefocaccia.com\\\/wp-content\\\/uploads\\\/2025\\\/12\\\/welovefocaccia.com-Logo.png\",\"contentUrl\":\"https:\\\/\\\/welovefocaccia.com\\\/wp-content\\\/uploads\\\/2025\\\/12\\\/welovefocaccia.com-Logo.png\",\"width\":1034,\"height\":374,\"caption\":\"Welovefocaccia.com\"},\"image\":{\"@id\":\"https:\\\/\\\/welovefocaccia.com\\\/#\\\/schema\\\/logo\\\/image\\\/\"}}]}<\/script>\n<!-- \/ Yoast SEO Premium plugin. -->","yoast_head_json":{"title":"Pol\u00edticas de Cookies - welovefocaccia.com","robots":{"index":"index","follow":"follow","max-snippet":"max-snippet:-1","max-image-preview":"max-image-preview:large","max-video-preview":"max-video-preview:-1"},"canonical":"https:\/\/welovefocaccia.com\/fr\/politicas-de-cookies\/","og_locale":"fr_FR","og_type":"article","og_title":"Pol\u00edticas de Cookies","og_description":"Pol\u00edticas de Cookies Inicio Cookies 1. \u00bfQu\u00e9 son las Cookies? Las cookies son peque\u00f1os archivos de texto que se almacenan en el dispositivo del usuario (ordenador, m\u00f3vil, tablet) cuando visita un sitio web. Su funci\u00f3n principal es recordar informaci\u00f3n t\u00e9cnica, identificar la sesi\u00f3n, almacenar preferencias, recopilar datos de uso y mejorar la experiencia de navegaci\u00f3n. [&hellip;]","og_url":"https:\/\/welovefocaccia.com\/fr\/politicas-de-cookies\/","og_site_name":"welovefocaccia.com","article_modified_time":"2025-12-10T20:38:44+00:00","og_image":[{"width":1034,"height":374,"url":"https:\/\/welovefocaccia.com\/wp-content\/uploads\/2025\/12\/welovefocaccia.com-Logo.png","type":"image\/png"}],"twitter_card":"summary_large_image","twitter_misc":{"Dur\u00e9e de lecture estim\u00e9e":"3 minutes"},"schema":{"@context":"https:\/\/schema.org","@graph":[{"@type":"WebPage","@id":"https:\/\/welovefocaccia.com\/politicas-de-cookies\/","url":"https:\/\/welovefocaccia.com\/politicas-de-cookies\/","name":"Pol\u00edticas de Cookies - welovefocaccia.com","isPartOf":{"@id":"https:\/\/welovefocaccia.com\/#website"},"datePublished":"2025-12-07T21:06:40+00:00","dateModified":"2025-12-10T20:38:44+00:00","breadcrumb":{"@id":"https:\/\/welovefocaccia.com\/politicas-de-cookies\/#breadcrumb"},"inLanguage":"fr-FR","potentialAction":[{"@type":"ReadAction","target":["https:\/\/welovefocaccia.com\/politicas-de-cookies\/"]}]},{"@type":"BreadcrumbList","@id":"https:\/\/welovefocaccia.com\/politicas-de-cookies\/#breadcrumb","itemListElement":[{"@type":"ListItem","position":1,"name":"Portada","item":"https:\/\/welovefocaccia.com\/"},{"@type":"ListItem","position":2,"name":"Pol\u00edticas de Cookies"}]},{"@type":"WebSite","@id":"https:\/\/welovefocaccia.com\/#website","url":"https:\/\/welovefocaccia.com\/","name":"Welovefocaccia.com","description":"","publisher":{"@id":"https:\/\/welovefocaccia.com\/#organization"},"potentialAction":[{"@type":"SearchAction","target":{"@type":"EntryPoint","urlTemplate":"https:\/\/welovefocaccia.com\/?s={search_term_string}"},"query-input":{"@type":"PropertyValueSpecification","valueRequired":true,"valueName":"search_term_string"}}],"inLanguage":"fr-FR"},{"@type":"Organization","@id":"https:\/\/welovefocaccia.com\/#organization","name":"Welovefocaccia.com","url":"https:\/\/welovefocaccia.com\/","logo":{"@type":"ImageObject","inLanguage":"fr-FR","@id":"https:\/\/welovefocaccia.com\/#\/schema\/logo\/image\/","url":"https:\/\/welovefocaccia.com\/wp-content\/uploads\/2025\/12\/welovefocaccia.com-Logo.png","contentUrl":"https:\/\/welovefocaccia.com\/wp-content\/uploads\/2025\/12\/welovefocaccia.com-Logo.png","width":1034,"height":374,"caption":"Welovefocaccia.com"},"image":{"@id":"https:\/\/welovefocaccia.com\/#\/schema\/logo\/image\/"}}]}},"_hostinger_reach_plugin_has_subscription_block":false,"_hostinger_reach_plugin_is_elementor":false,"_links":{"self":[{"href":"https:\/\/welovefocaccia.com\/fr\/wp-json\/wp\/v2\/pages\/144","targetHints":{"allow":["GET"]}}],"collection":[{"href":"https:\/\/welovefocaccia.com\/fr\/wp-json\/wp\/v2\/pages"}],"about":[{"href":"https:\/\/welovefocaccia.com\/fr\/wp-json\/wp\/v2\/types\/page"}],"author":[{"embeddable":true,"href":"https:\/\/welovefocaccia.com\/fr\/wp-json\/wp\/v2\/users\/1"}],"replies":[{"embeddable":true,"href":"https:\/\/welovefocaccia.com\/fr\/wp-json\/wp\/v2\/comments?post=144"}],"version-history":[{"count":13,"href":"https:\/\/welovefocaccia.com\/fr\/wp-json\/wp\/v2\/pages\/144\/revisions"}],"predecessor-version":[{"id":504,"href":"https:\/\/welovefocaccia.com\/fr\/wp-json\/wp\/v2\/pages\/144\/revisions\/504"}],"wp:attachment":[{"href":"https:\/\/welovefocaccia.com\/fr\/wp-json\/wp\/v2\/media?parent=144"}],"curies":[{"name":"wp","href":"https:\/\/api.w.org\/{rel}","templated":true}]}}